{"id":8,"date":"2022-10-13T11:03:12","date_gmt":"2022-10-13T09:03:12","guid":{"rendered":"https:\/\/kauto.se\/etab\/?page_id=8"},"modified":"2026-04-07T08:43:12","modified_gmt":"2026-04-07T06:43:12","slug":"etab-data","status":"publish","type":"page","link":"https:\/\/kauto.se\/etab\/","title":{"rendered":"KA IT"},"content":{"rendered":"\n<div class=\"wp-block-group alignfull particles has-black-color has-yellow-background-color has-text-color has-background has-link-color wp-elements-836b43d292bef2fcb685ee6f24bc96fc\"><div class=\"wp-block-group__inner-container is-layout-flow wp-block-group-is-layout-flow\">\n<div class=\"wp-block-group alignwide\"><div class=\"wp-block-group__inner-container is-layout-flow wp-block-group-is-layout-flow\">\n<h1 class=\"wp-block-heading has-text-align-center\">Ett IT-f\u00f6retag i framkant som fokuserar p\u00e5 kvalitet och l\u00e5ngsiktiga relationer med v\u00e5ra kunder.<\/h1>\n<\/div><\/div>\n<\/div><\/div>\n\n\n\n<div class=\"wp-block-group alignfull has-lightgrey-background-color has-background\"><div class=\"wp-block-group__inner-container is-layout-flow wp-block-group-is-layout-flow\">\n<div class=\"wp-block-columns are-vertically-aligned-center is-layout-flex wp-container-core-columns-is-layout-9d6595d7 wp-block-columns-is-layout-flex\">\n<div class=\"wp-block-column is-vertically-aligned-center is-layout-flow wp-block-column-is-layout-flow\" style=\"flex-basis:33.34%\">\n<p class=\"has-text-align-center\">KA IT \u00e4r din professionella IT-partner.<br>Vi installerar, konfigurerar och underh\u00e5ller din IT-milj\u00f6.<br>KA IT erbjuder IT-relaterade produkter och tj\u00e4nster<br>till f\u00f6retag och privatpersoner och har kompetens i allt<br>fr\u00e5n skrivare och datorer till molntj\u00e4nster.<\/p>\n<\/div>\n\n\n\n<div class=\"wp-block-column is-layout-flow wp-block-column-is-layout-flow\" style=\"flex-basis:33.34%\">\n<p class=\"has-text-align-center\"><a href=\"https:\/\/kauto.se\/etab\/kontakt\/\"><strong>Butik \u00f6ppettider: M\u00e5n-Fre kl. 8-17<br>Telefontider: M\u00e5n-Fre kl. 8-16<\/strong><br><strong>0586 &#8211; 503 80<\/strong><br><strong>Skogsbov\u00e4gen 4C<br>Stor\u00e4ngen i Karlskoga<\/strong><\/a><\/p>\n<\/div>\n\n\n\n<div class=\"wp-block-column is-layout-flow wp-block-column-is-layout-flow\" style=\"flex-basis:33.33%\">\n<p class=\"has-text-align-center\"><strong>Avvikande \u00f6ppettider<\/strong>:<br><\/p>\n<\/div>\n<\/div>\n<\/div><\/div>\n\n\n\n<div style=\"height:100px\" aria-hidden=\"true\" class=\"wp-block-spacer\"><\/div>\n\n\n<div class=\"wp-block-image\">\n<figure class=\"aligncenter size-large is-resized\"><a href=\"https:\/\/kauto.se\/etab\/rekonditionerade-it-produkter\/\"><img loading=\"lazy\" decoding=\"async\" width=\"1500\" height=\"1000\" src=\"https:\/\/kauto.se\/etab\/wp-content\/uploads\/sites\/4\/2026\/03\/flera-enheter-copilot-1500x1000.png\" alt=\"\" class=\"wp-image-909\" style=\"width:566px;height:auto\" srcset=\"https:\/\/kauto.se\/etab\/wp-content\/uploads\/sites\/4\/2026\/03\/flera-enheter-copilot-1500x1000.webp 1500w, https:\/\/kauto.se\/etab\/wp-content\/uploads\/sites\/4\/2026\/03\/flera-enheter-copilot-768x512.png 768w, https:\/\/kauto.se\/etab\/wp-content\/uploads\/sites\/4\/2026\/03\/flera-enheter-copilot-500x333.webp 500w, https:\/\/kauto.se\/etab\/wp-content\/uploads\/sites\/4\/2026\/03\/flera-enheter-copilot.png 1536w\" sizes=\"auto, (max-width: 1500px) 100vw, 1500px\" \/><\/a><\/figure>\n<\/div>\n\n\n<div style=\"height:100px\" aria-hidden=\"true\" class=\"wp-block-spacer\"><\/div>\n\n\n\n<div class=\"wp-block-buttons alignwide is-horizontal is-content-justification-center is-layout-flex wp-container-core-buttons-is-layout-499968f5 wp-block-buttons-is-layout-flex\">\n<div class=\"wp-block-button is-style-fill\"><a class=\"wp-block-button__link has-white-color has-red-background-color has-text-color has-background wp-element-button\" href=\"https:\/\/get.teamviewer.com\/Etabdata\" style=\"border-radius:15px\"><strong>FJ\u00c4RRSUPPORT<\/strong><\/a><\/div>\n<\/div>\n\n\n\n<div style=\"height:100px\" aria-hidden=\"true\" class=\"wp-block-spacer\"><\/div>\n\n\n\n<div class=\"wp-block-group\"><div class=\"wp-block-group__inner-container is-layout-flow wp-block-group-is-layout-flow\">\n<h2 class=\"wp-block-heading\">Nyheter<\/h2>\n\n\n<ul class=\"wp-block-latest-posts__list wp-block-latest-posts\"><li><a class=\"wp-block-latest-posts__post-title\" href=\"https:\/\/kauto.se\/etab\/premium-renoverade-datorer-nu-pa-bestallning\/\">Premium renoverade datorer \u2013 nu p\u00e5 best\u00e4llning!<\/a><div class=\"wp-block-latest-posts__post-excerpt\">Vi \u00e4r glada att meddela att vi nu erbjuder premium-renoverade&#8230;<\/div><\/li>\n<li><a class=\"wp-block-latest-posts__post-title\" href=\"https:\/\/kauto.se\/etab\/nyhet-brother-mfc-j6760dw-i-sortimentet\/\">Nyhet: Brother MFC\u2011J6760DW i sortimentet!<\/a><div class=\"wp-block-latest-posts__post-excerpt\">Vi v\u00e4lkomnar nu Brother MFC\u2011J6760DW \u2013 en snabb och funktionsrik&#8230;<\/div><\/li>\n<\/ul><\/div><\/div>\n\n\n\n<hr class=\"wp-block-separator has-text-color has-lightgrey-color has-css-opacity has-lightgrey-background-color has-background is-style-wide\" \/>\n\n\n\n<div style=\"height:50px\" aria-hidden=\"true\" class=\"wp-block-spacer\"><\/div>\n\n\n\n<div class=\"wp-block-columns alignwide is-layout-flex wp-container-core-columns-is-layout-9d6595d7 wp-block-columns-is-layout-flex\">\n<div class=\"wp-block-column is-layout-flow wp-block-column-is-layout-flow\" style=\"flex-basis:30%\">\n<h2 class=\"wp-block-heading\">V\u00e5ra tj\u00e4nster<\/h2>\n\n\n\n<p>H\u00e4r \u00e4r en summering p\u00e5 alla tj\u00e4nster vi erbjuder.<\/p>\n<\/div>\n\n\n\n<div class=\"wp-block-column is-layout-flow wp-block-column-is-layout-flow\" style=\"flex-basis:70%\"><div id=\"servicesCarousel\" class=\"carousel slide carousel-multiple\" >\r\n            <div class=\"carousel-inner\" role=\"listbox\"><div class=\"carousel-item active\">\r\n        <div class=\"col-md-6 px-2\">\r\n          <div class=\"border p-5\">\r\n            <div class=\"icon mb-3\"><i class=\"text-red fas fa-thumbs-up font-size-xl\"><\/i><\/div>\r\n            <h4>Serviceavtal<\/h4>\r\n            <p>Luta dig tillbaka och l\u00e5t oss ta hand om drift &amp; support av IT-milj\u00f6n. Genom...<\/p>\r\n            <a href=\"https:\/\/kauto.se\/etab\/services\/serviceavtal\/\" class=\"link-arrow\">L\u00e4s mer<i class=\"fas fa-chevron-right\"><\/i><i class=\"fas fa-chevron-right\"><\/i><\/a>\r\n          <\/div>\r\n        <\/div>\r\n    <\/div><div class=\"carousel-item \">\r\n        <div class=\"col-md-6 px-2\">\r\n          <div class=\"border p-5\">\r\n            <div class=\"icon mb-3\"><i class=\"text-red fas fa-network-wired font-size-xl\"><\/i><\/div>\r\n            <h4>N\u00e4tverksinstallation<\/h4>\r\n            <p>Vi s\u00e4ljer och installerar n\u00e4tverksutrustning f\u00f6r b\u00e5de privatpersoner, f\u00f6retag, skolor och offentlig milj\u00f6. Vi hj\u00e4lper...<\/p>\r\n            <a href=\"https:\/\/kauto.se\/etab\/services\/natverksinstallation\/\" class=\"link-arrow\">L\u00e4s mer<i class=\"fas fa-chevron-right\"><\/i><i class=\"fas fa-chevron-right\"><\/i><\/a>\r\n          <\/div>\r\n        <\/div>\r\n    <\/div><div class=\"carousel-item \">\r\n        <div class=\"col-md-6 px-2\">\r\n          <div class=\"border p-5\">\r\n            <div class=\"icon mb-3\"><i class=\"text-red  font-size-xl\"><\/i><\/div>\r\n            <h4>Mjukvara<\/h4>\r\n            <p>Vi erbjuder ett stort utbud av mjukvaror fr\u00e5n Adobe och flera andra etablerade leverant\u00f6rer. Det...<\/p>\r\n            <a href=\"https:\/\/kauto.se\/etab\/services\/ny-tjanst\/\" class=\"link-arrow\">L\u00e4s mer<i class=\"fas fa-chevron-right\"><\/i><i class=\"fas fa-chevron-right\"><\/i><\/a>\r\n          <\/div>\r\n        <\/div>\r\n    <\/div><div class=\"carousel-item \">\r\n        <div class=\"col-md-6 px-2\">\r\n          <div class=\"border p-5\">\r\n            <div class=\"icon mb-3\"><i class=\"text-red fas fa-puzzle-piece font-size-xl\"><\/i><\/div>\r\n            <h4>Microsoft 365<\/h4>\r\n            <p>KA IT tillhandh\u00e5ller och administrerar Microsoft 365. Nedan presenteras de olika alternativen. Kontakta KA IT...<\/p>\r\n            <a href=\"https:\/\/kauto.se\/etab\/services\/office-365\/\" class=\"link-arrow\">L\u00e4s mer<i class=\"fas fa-chevron-right\"><\/i><i class=\"fas fa-chevron-right\"><\/i><\/a>\r\n          <\/div>\r\n        <\/div>\r\n    <\/div><div class=\"carousel-item \">\r\n        <div class=\"col-md-6 px-2\">\r\n          <div class=\"border p-5\">\r\n            <div class=\"icon mb-3\"><i class=\"text-red fas fa-laptop font-size-xl\"><\/i><\/div>\r\n            <h4>IT-konsult<\/h4>\r\n            <p>Om ni har behov av f\u00f6rst\u00e4rkning p\u00e5 IT-avdelningen hyr KA IT konsulter till ditt f\u00f6retag,b\u00e5de...<\/p>\r\n            <a href=\"https:\/\/kauto.se\/etab\/services\/it-konsult\/\" class=\"link-arrow\">L\u00e4s mer<i class=\"fas fa-chevron-right\"><\/i><i class=\"fas fa-chevron-right\"><\/i><\/a>\r\n          <\/div>\r\n        <\/div>\r\n    <\/div><div class=\"carousel-item \">\r\n        <div class=\"col-md-6 px-2\">\r\n          <div class=\"border p-5\">\r\n            <div class=\"icon mb-3\"><i class=\"text-red fas fa-server font-size-xl\"><\/i><\/div>\r\n            <h4>Fj\u00e4rrsupport<\/h4>\r\n            <p>KA IT erbjuder fj\u00e4rrsupport f\u00f6r problem och \u00e4renden som kan sk\u00f6tas via en uppkoppling\u00f6ver internet.<\/p>\r\n            <a href=\"https:\/\/kauto.se\/etab\/services\/fjarrsupport\/\" class=\"link-arrow\">L\u00e4s mer<i class=\"fas fa-chevron-right\"><\/i><i class=\"fas fa-chevron-right\"><\/i><\/a>\r\n          <\/div>\r\n        <\/div>\r\n    <\/div><div class=\"carousel-item \">\r\n        <div class=\"col-md-6 px-2\">\r\n          <div class=\"border p-5\">\r\n            <div class=\"icon mb-3\"><i class=\"text-red fas fa-sign font-size-xl\"><\/i><\/div>\r\n            <h4>Digital skylt<\/h4>\r\n            <p>Vi levererar digital signage och digitala skyltar. Vi hj\u00e4lper till med h\u00e5rdvara, mjukvara, utveckling och...<\/p>\r\n            <a href=\"https:\/\/kauto.se\/etab\/services\/digital-skylt\/\" class=\"link-arrow\">L\u00e4s mer<i class=\"fas fa-chevron-right\"><\/i><i class=\"fas fa-chevron-right\"><\/i><\/a>\r\n          <\/div>\r\n        <\/div>\r\n    <\/div><div class=\"carousel-item \">\r\n        <div class=\"col-md-6 px-2\">\r\n          <div class=\"border p-5\">\r\n            <div class=\"icon mb-3\"><i class=\"text-red fas fa-bolt font-size-xl\"><\/i><\/div>\r\n            <h4>Dataservice<\/h4>\r\n            <p>Vi har alla olika typer av specialkompetens \u2013 allt fr\u00e5n n\u00e4tverk till skrivare och gaming.Kontakta...<\/p>\r\n            <a href=\"https:\/\/kauto.se\/etab\/services\/dataservice\/\" class=\"link-arrow\">L\u00e4s mer<i class=\"fas fa-chevron-right\"><\/i><i class=\"fas fa-chevron-right\"><\/i><\/a>\r\n          <\/div>\r\n        <\/div>\r\n    <\/div><div class=\"carousel-item \">\r\n        <div class=\"col-md-6 px-2\">\r\n          <div class=\"border p-5\">\r\n            <div class=\"icon mb-3\"><i class=\"text-red fas fa-save font-size-xl\"><\/i><\/div>\r\n            <h4>Datar\u00e4ddning<\/h4>\r\n            <p>KA IT utf\u00f6r datar\u00e4ddning av data p\u00e5 h\u00e5rddiskar, minneskort, USB-minnen. Kontakta oss f\u00f6r en bed\u00f6mning.<\/p>\r\n            <a href=\"https:\/\/kauto.se\/etab\/services\/dataraddning\/\" class=\"link-arrow\">L\u00e4s mer<i class=\"fas fa-chevron-right\"><\/i><i class=\"fas fa-chevron-right\"><\/i><\/a>\r\n          <\/div>\r\n        <\/div>\r\n    <\/div><div class=\"carousel-item \">\r\n        <div class=\"col-md-6 px-2\">\r\n          <div class=\"border p-5\">\r\n            <div class=\"icon mb-3\"><i class=\"text-red fas fa-laptop-code font-size-xl\"><\/i><\/div>\r\n            <h4>Backupavtal<\/h4>\r\n            <p>Luta dig tillbaka och l\u00e5t oss ta hand om Backup p\u00e5 dina viktiga data. P\u00e5...<\/p>\r\n            <a href=\"https:\/\/kauto.se\/etab\/services\/backupavtal\/\" class=\"link-arrow\">L\u00e4s mer<i class=\"fas fa-chevron-right\"><\/i><i class=\"fas fa-chevron-right\"><\/i><\/a>\r\n          <\/div>\r\n        <\/div>\r\n    <\/div>\r\n            <\/div>\r\n            <a class=\"carousel-control-prev bg-transparent w-aut\" href=\"#servicesCarousel\" role=\"button\" data-bs-slide=\"prev\">\r\n                <i class=\"fas fa-chevron-left\"><\/i>\r\n            <\/a>\r\n            <a class=\"carousel-control-next bg-transparent w-aut\" href=\"#servicesCarousel\" role=\"button\" data-bs-slide=\"next\">\r\n                <i class=\"fas fa-chevron-right\"><\/i>\r\n            <\/a>\r\n        <\/div>\n<\/div>\n<\/div>\n\n\n\n<p><\/p>\n","protected":false},"excerpt":{"rendered":"Ett IT-f\u00f6retag i framkant som fokuserar p\u00e5 kvalitet och l\u00e5ngsiktiga relationer med v\u00e5ra kunder. KA&#8230;","protected":false},"author":1,"featured_media":0,"parent":0,"menu_order":0,"comment_status":"closed","ping_status":"closed","template":"page-company.php","meta":{"footnotes":""},"class_list":["post-8","page","type-page","status-publish","hentry"],"yoast_head":"<!-- This site is optimized with the Yoast SEO plugin v17.5 - https:\/\/yoast.com\/wordpress\/plugins\/seo\/ -->\n<meta name=\"robots\" content=\"index, follow, max-snippet:-1, max-image-preview:large, max-video-preview:-1\" \/>\n<link rel=\"canonical\" href=\"https:\/\/kauto.se\/etab\/\" \/>\n<meta property=\"og:locale\" content=\"sv_SE\" \/>\n<meta property=\"og:type\" content=\"article\" \/>\n<meta property=\"og:title\" content=\"KA IT - KA IT\" \/>\n<meta property=\"og:description\" content=\"Ett IT-f\u00f6retag i framkant som fokuserar p\u00e5 kvalitet och l\u00e5ngsiktiga relationer med v\u00e5ra kunder. KA...\" \/>\n<meta property=\"og:url\" content=\"https:\/\/kauto.se\/etab\/\" \/>\n<meta property=\"og:site_name\" content=\"KA IT\" \/>\n<meta property=\"article:modified_time\" content=\"2026-04-07T06:43:12+00:00\" \/>\n<meta property=\"og:image\" content=\"https:\/\/kauto.se\/etab\/wp-content\/uploads\/sites\/4\/2026\/03\/flera-enheter-copilot-1500x1000.png\" \/>\n<meta name=\"twitter:card\" content=\"summary_large_image\" \/>\n<meta name=\"twitter:label1\" content=\"Ber\u00e4knad l\u00e4stid\" \/>\n\t<meta name=\"twitter:data1\" content=\"1 minut\" \/>\n<script type=\"application\/ld+json\" class=\"yoast-schema-graph\">{\"@context\":\"https:\/\/schema.org\",\"@graph\":[{\"@type\":\"WebSite\",\"@id\":\"https:\/\/kauto.se\/etab\/#website\",\"url\":\"https:\/\/kauto.se\/etab\/\",\"name\":\"KA IT\",\"description\":\"\",\"potentialAction\":[{\"@type\":\"SearchAction\",\"target\":{\"@type\":\"EntryPoint\",\"urlTemplate\":\"https:\/\/kauto.se\/etab\/?s={search_term_string}\"},\"query-input\":\"required name=search_term_string\"}],\"inLanguage\":\"sv-SE\"},{\"@type\":\"ImageObject\",\"@id\":\"https:\/\/kauto.se\/etab\/#primaryimage\",\"inLanguage\":\"sv-SE\",\"url\":\"https:\/\/kauto.se\/etab\/wp-content\/uploads\/sites\/4\/2026\/03\/flera-enheter-copilot.png\",\"contentUrl\":\"https:\/\/kauto.se\/etab\/wp-content\/uploads\/sites\/4\/2026\/03\/flera-enheter-copilot.png\",\"width\":1536,\"height\":1024},{\"@type\":\"WebPage\",\"@id\":\"https:\/\/kauto.se\/etab\/#webpage\",\"url\":\"https:\/\/kauto.se\/etab\/\",\"name\":\"KA IT - KA IT\",\"isPartOf\":{\"@id\":\"https:\/\/kauto.se\/etab\/#website\"},\"primaryImageOfPage\":{\"@id\":\"https:\/\/kauto.se\/etab\/#primaryimage\"},\"datePublished\":\"2022-10-13T09:03:12+00:00\",\"dateModified\":\"2026-04-07T06:43:12+00:00\",\"breadcrumb\":{\"@id\":\"https:\/\/kauto.se\/etab\/#breadcrumb\"},\"inLanguage\":\"sv-SE\",\"potentialAction\":[{\"@type\":\"ReadAction\",\"target\":[\"https:\/\/kauto.se\/etab\/\"]}]},{\"@type\":\"BreadcrumbList\",\"@id\":\"https:\/\/kauto.se\/etab\/#breadcrumb\",\"itemListElement\":[{\"@type\":\"ListItem\",\"position\":1,\"name\":\"Home\",\"item\":\"https:\/\/kauto.se\/etab\/\"},{\"@type\":\"ListItem\",\"position\":2,\"name\":\"KA IT\"}]}]}<\/script>\n<!-- \/ Yoast SEO plugin. -->","yoast_head_json":{"robots":{"index":"index","follow":"follow","max-snippet":"max-snippet:-1","max-image-preview":"max-image-preview:large","max-video-preview":"max-video-preview:-1"},"canonical":"https:\/\/kauto.se\/etab\/","og_locale":"sv_SE","og_type":"article","og_title":"KA IT - KA IT","og_description":"Ett IT-f\u00f6retag i framkant som fokuserar p\u00e5 kvalitet och l\u00e5ngsiktiga relationer med v\u00e5ra kunder. KA...","og_url":"https:\/\/kauto.se\/etab\/","og_site_name":"KA IT","article_modified_time":"2026-04-07T06:43:12+00:00","og_image":[{"url":"https:\/\/kauto.se\/etab\/wp-content\/uploads\/sites\/4\/2026\/03\/flera-enheter-copilot-1500x1000.png"}],"twitter_card":"summary_large_image","twitter_misc":{"Ber\u00e4knad l\u00e4stid":"1 minut"},"schema":{"@context":"https:\/\/schema.org","@graph":[{"@type":"WebSite","@id":"https:\/\/kauto.se\/etab\/#website","url":"https:\/\/kauto.se\/etab\/","name":"KA IT","description":"","potentialAction":[{"@type":"SearchAction","target":{"@type":"EntryPoint","urlTemplate":"https:\/\/kauto.se\/etab\/?s={search_term_string}"},"query-input":"required name=search_term_string"}],"inLanguage":"sv-SE"},{"@type":"ImageObject","@id":"https:\/\/kauto.se\/etab\/#primaryimage","inLanguage":"sv-SE","url":"https:\/\/kauto.se\/etab\/wp-content\/uploads\/sites\/4\/2026\/03\/flera-enheter-copilot.png","contentUrl":"https:\/\/kauto.se\/etab\/wp-content\/uploads\/sites\/4\/2026\/03\/flera-enheter-copilot.png","width":1536,"height":1024},{"@type":"WebPage","@id":"https:\/\/kauto.se\/etab\/#webpage","url":"https:\/\/kauto.se\/etab\/","name":"KA IT - KA IT","isPartOf":{"@id":"https:\/\/kauto.se\/etab\/#website"},"primaryImageOfPage":{"@id":"https:\/\/kauto.se\/etab\/#primaryimage"},"datePublished":"2022-10-13T09:03:12+00:00","dateModified":"2026-04-07T06:43:12+00:00","breadcrumb":{"@id":"https:\/\/kauto.se\/etab\/#breadcrumb"},"inLanguage":"sv-SE","potentialAction":[{"@type":"ReadAction","target":["https:\/\/kauto.se\/etab\/"]}]},{"@type":"BreadcrumbList","@id":"https:\/\/kauto.se\/etab\/#breadcrumb","itemListElement":[{"@type":"ListItem","position":1,"name":"Home","item":"https:\/\/kauto.se\/etab\/"},{"@type":"ListItem","position":2,"name":"KA IT"}]}]}},"_links":{"self":[{"href":"https:\/\/kauto.se\/etab\/wp-json\/wp\/v2\/pages\/8","targetHints":{"allow":["GET"]}}],"collection":[{"href":"https:\/\/kauto.se\/etab\/wp-json\/wp\/v2\/pages"}],"about":[{"href":"https:\/\/kauto.se\/etab\/wp-json\/wp\/v2\/types\/page"}],"author":[{"embeddable":true,"href":"https:\/\/kauto.se\/etab\/wp-json\/wp\/v2\/users\/1"}],"replies":[{"embeddable":true,"href":"https:\/\/kauto.se\/etab\/wp-json\/wp\/v2\/comments?post=8"}],"version-history":[{"count":124,"href":"https:\/\/kauto.se\/etab\/wp-json\/wp\/v2\/pages\/8\/revisions"}],"predecessor-version":[{"id":928,"href":"https:\/\/kauto.se\/etab\/wp-json\/wp\/v2\/pages\/8\/revisions\/928"}],"wp:attachment":[{"href":"https:\/\/kauto.se\/etab\/wp-json\/wp\/v2\/media?parent=8"}],"curies":[{"name":"wp","href":"https:\/\/api.w.org\/{rel}","templated":true}]}}