{"id":26,"date":"2022-10-13T11:26:35","date_gmt":"2022-10-13T09:26:35","guid":{"rendered":"https:\/\/kauto.se\/etab\/?page_id=26"},"modified":"2025-04-28T10:19:28","modified_gmt":"2025-04-28T08:19:28","slug":"kontakt","status":"publish","type":"page","link":"https:\/\/kauto.se\/etab\/kontakt\/","title":{"rendered":"Kontakt"},"content":{"rendered":"\n<div class=\"wp-block-columns is-layout-flex wp-container-core-columns-is-layout-9d6595d7 wp-block-columns-is-layout-flex\">\n<div class=\"wp-block-column is-layout-flow wp-block-column-is-layout-flow\" style=\"flex-basis:50%\">\n<div class=\"wp-block-columns is-layout-flex wp-container-core-columns-is-layout-9d6595d7 wp-block-columns-is-layout-flex\">\n<div class=\"wp-block-column is-layout-flow wp-block-column-is-layout-flow\">\n<h3 class=\"wp-block-heading\">KA IT<\/h3>\n\n\n\n<p>Skogsbov\u00e4gen 4C, 691 47 Karlskoga<br><a href=\"tel:+058650380\">0586- 503 80<\/a><br><a href=\"mailto:info@etab.se\">info@kait.se<\/a><br><br>Butik \u00f6ppettider: M\u00e5n-Fre kl. 8-17<br>Telefontider: M\u00e5n-Fre kl. 8-16<\/p>\n<\/div>\n<\/div>\n\n\n\n<p class=\"has-text-align-center\"><\/p>\n\n\n<div class=\"ratio ratio-16x9\">\r\n  <iframe src=\"https:\/\/www.google.com\/maps\/embed?pb=!1m18!1m12!1m3!1d2036.9409454901172!2d14.492730816605706!3d59.300543481648766!2m3!1f0!2f0!3f0!3m2!1i1024!2i768!4f13.1!3m3!1m2!1s0x465c898fc5705ca7%3A0x38966343d6242612!2sEtab%20Data%20AB!5e0!3m2!1ssv!2sse!4v1665653159281!5m2!1ssv!2sse\"allowfullscreen><\/iframe>\r\n<\/div>\n\n\n\n<p><\/p>\n<\/div>\n\n\n\n<div class=\"wp-block-column ms-0 is-layout-flow wp-block-column-is-layout-flow\" style=\"flex-basis:50%\">\n<div class=\"wp-block-columns is-layout-flex wp-container-core-columns-is-layout-9d6595d7 wp-block-columns-is-layout-flex\">\n<div class=\"wp-block-column is-layout-flow wp-block-column-is-layout-flow\">\n<p><strong>\u00c5ke Nyl\u00e9n<\/strong><br>VD<br>0586-50380<br><a href=\"mailto:ake@etab.se\">ake@etab.se<\/a><\/p>\n\n\n\n<p><strong>Matti Eerola<\/strong><br>Platschef \/ F\u00f6rs\u00e4ljning \/ IT-konsult<br>0586-794542<br><a href=\"mailto:matti@etab.se\">matti@kait.se<\/a><br><br><strong>Carina Nyl\u00e9n<\/strong><br>Ekonomi<br>0586-794540<br><a href=\"mailto:carina@etab.se\">carina@etab.se<\/a><\/p>\n\n\n\n<p><\/p>\n<\/div>\n\n\n\n<div class=\"wp-block-column is-layout-flow wp-block-column-is-layout-flow\">\n<p><strong>Klas Westerberg<\/strong><br>Butik<br>0586-794546<br><a href=\"mailto:klas@etab.se\">klas@kait.se<\/a><\/p>\n\n\n\n<p><strong>Eric Broman<\/strong><br>IT-service<br>0586-50380<br><a href=\"mailto:eric@etab.se\">eric@kait.se<\/a><br><br><strong>David Eriksson<\/strong><br>IT-service<br>0586-50380<br><a href=\"mailto:david@etab.se\">david@kait.se<\/a><br><br><\/p>\n\n\n\n<p><\/p>\n\n\n\n<p><\/p>\n<\/div>\n<\/div>\n<\/div>\n<\/div>\n\n\n\n<p><\/p>\n\n\n\n<p><\/p>\n","protected":false},"excerpt":{"rendered":"KA IT Skogsbov\u00e4gen 4C, 691 47 Karlskoga0586- 503 80info@kait.se Butik \u00f6ppettider: M\u00e5n-Fre kl. 8-17Telefontider: M\u00e5n-Fre&#8230;","protected":false},"author":1,"featured_media":0,"parent":0,"menu_order":0,"comment_status":"closed","ping_status":"closed","template":"","meta":{"footnotes":""},"class_list":["post-26","page","type-page","status-publish","hentry"],"yoast_head":"<!-- This site is optimized with the Yoast SEO plugin v17.5 - https:\/\/yoast.com\/wordpress\/plugins\/seo\/ -->\n<meta name=\"robots\" content=\"index, follow, max-snippet:-1, max-image-preview:large, max-video-preview:-1\" \/>\n<link rel=\"canonical\" href=\"https:\/\/kauto.se\/etab\/kontakt\/\" \/>\n<meta property=\"og:locale\" content=\"sv_SE\" \/>\n<meta property=\"og:type\" content=\"article\" \/>\n<meta property=\"og:title\" content=\"Kontakt - KA IT\" \/>\n<meta property=\"og:description\" content=\"KA IT Skogsbov\u00e4gen 4C, 691 47 Karlskoga0586- 503 80info@kait.se Butik \u00f6ppettider: M\u00e5n-Fre kl. 8-17Telefontider: M\u00e5n-Fre...\" \/>\n<meta property=\"og:url\" content=\"https:\/\/kauto.se\/etab\/kontakt\/\" \/>\n<meta property=\"og:site_name\" content=\"KA IT\" \/>\n<meta property=\"article:modified_time\" content=\"2025-04-28T08:19:28+00:00\" \/>\n<meta name=\"twitter:card\" content=\"summary_large_image\" \/>\n<meta name=\"twitter:label1\" content=\"Ber\u00e4knad l\u00e4stid\" \/>\n\t<meta name=\"twitter:data1\" content=\"1 minut\" \/>\n<script type=\"application\/ld+json\" class=\"yoast-schema-graph\">{\"@context\":\"https:\/\/schema.org\",\"@graph\":[{\"@type\":\"WebSite\",\"@id\":\"https:\/\/kauto.se\/etab\/#website\",\"url\":\"https:\/\/kauto.se\/etab\/\",\"name\":\"KA IT\",\"description\":\"\",\"potentialAction\":[{\"@type\":\"SearchAction\",\"target\":{\"@type\":\"EntryPoint\",\"urlTemplate\":\"https:\/\/kauto.se\/etab\/?s={search_term_string}\"},\"query-input\":\"required name=search_term_string\"}],\"inLanguage\":\"sv-SE\"},{\"@type\":\"WebPage\",\"@id\":\"https:\/\/kauto.se\/etab\/kontakt\/#webpage\",\"url\":\"https:\/\/kauto.se\/etab\/kontakt\/\",\"name\":\"Kontakt - KA IT\",\"isPartOf\":{\"@id\":\"https:\/\/kauto.se\/etab\/#website\"},\"datePublished\":\"2022-10-13T09:26:35+00:00\",\"dateModified\":\"2025-04-28T08:19:28+00:00\",\"breadcrumb\":{\"@id\":\"https:\/\/kauto.se\/etab\/kontakt\/#breadcrumb\"},\"inLanguage\":\"sv-SE\",\"potentialAction\":[{\"@type\":\"ReadAction\",\"target\":[\"https:\/\/kauto.se\/etab\/kontakt\/\"]}]},{\"@type\":\"BreadcrumbList\",\"@id\":\"https:\/\/kauto.se\/etab\/kontakt\/#breadcrumb\",\"itemListElement\":[{\"@type\":\"ListItem\",\"position\":1,\"name\":\"Home\",\"item\":\"https:\/\/kauto.se\/etab\/\"},{\"@type\":\"ListItem\",\"position\":2,\"name\":\"Kontakt\"}]}]}<\/script>\n<!-- \/ Yoast SEO plugin. -->","yoast_head_json":{"robots":{"index":"index","follow":"follow","max-snippet":"max-snippet:-1","max-image-preview":"max-image-preview:large","max-video-preview":"max-video-preview:-1"},"canonical":"https:\/\/kauto.se\/etab\/kontakt\/","og_locale":"sv_SE","og_type":"article","og_title":"Kontakt - KA IT","og_description":"KA IT Skogsbov\u00e4gen 4C, 691 47 Karlskoga0586- 503 80info@kait.se Butik \u00f6ppettider: M\u00e5n-Fre kl. 8-17Telefontider: M\u00e5n-Fre...","og_url":"https:\/\/kauto.se\/etab\/kontakt\/","og_site_name":"KA IT","article_modified_time":"2025-04-28T08:19:28+00:00","twitter_card":"summary_large_image","twitter_misc":{"Ber\u00e4knad l\u00e4stid":"1 minut"},"schema":{"@context":"https:\/\/schema.org","@graph":[{"@type":"WebSite","@id":"https:\/\/kauto.se\/etab\/#website","url":"https:\/\/kauto.se\/etab\/","name":"KA IT","description":"","potentialAction":[{"@type":"SearchAction","target":{"@type":"EntryPoint","urlTemplate":"https:\/\/kauto.se\/etab\/?s={search_term_string}"},"query-input":"required name=search_term_string"}],"inLanguage":"sv-SE"},{"@type":"WebPage","@id":"https:\/\/kauto.se\/etab\/kontakt\/#webpage","url":"https:\/\/kauto.se\/etab\/kontakt\/","name":"Kontakt - KA IT","isPartOf":{"@id":"https:\/\/kauto.se\/etab\/#website"},"datePublished":"2022-10-13T09:26:35+00:00","dateModified":"2025-04-28T08:19:28+00:00","breadcrumb":{"@id":"https:\/\/kauto.se\/etab\/kontakt\/#breadcrumb"},"inLanguage":"sv-SE","potentialAction":[{"@type":"ReadAction","target":["https:\/\/kauto.se\/etab\/kontakt\/"]}]},{"@type":"BreadcrumbList","@id":"https:\/\/kauto.se\/etab\/kontakt\/#breadcrumb","itemListElement":[{"@type":"ListItem","position":1,"name":"Home","item":"https:\/\/kauto.se\/etab\/"},{"@type":"ListItem","position":2,"name":"Kontakt"}]}]}},"_links":{"self":[{"href":"https:\/\/kauto.se\/etab\/wp-json\/wp\/v2\/pages\/26","targetHints":{"allow":["GET"]}}],"collection":[{"href":"https:\/\/kauto.se\/etab\/wp-json\/wp\/v2\/pages"}],"about":[{"href":"https:\/\/kauto.se\/etab\/wp-json\/wp\/v2\/types\/page"}],"author":[{"embeddable":true,"href":"https:\/\/kauto.se\/etab\/wp-json\/wp\/v2\/users\/1"}],"replies":[{"embeddable":true,"href":"https:\/\/kauto.se\/etab\/wp-json\/wp\/v2\/comments?post=26"}],"version-history":[{"count":29,"href":"https:\/\/kauto.se\/etab\/wp-json\/wp\/v2\/pages\/26\/revisions"}],"predecessor-version":[{"id":668,"href":"https:\/\/kauto.se\/etab\/wp-json\/wp\/v2\/pages\/26\/revisions\/668"}],"wp:attachment":[{"href":"https:\/\/kauto.se\/etab\/wp-json\/wp\/v2\/media?parent=26"}],"curies":[{"name":"wp","href":"https:\/\/api.w.org\/{rel}","templated":true}]}}