{"id":239,"date":"2022-11-01T14:59:56","date_gmt":"2022-11-01T13:59:56","guid":{"rendered":"https:\/\/kauto.se\/etab\/?page_id=239"},"modified":"2022-12-29T12:54:04","modified_gmt":"2022-12-29T11:54:04","slug":"produkter","status":"publish","type":"page","link":"https:\/\/kauto.se\/etab\/produkter\/","title":{"rendered":"Produkter"},"content":{"rendered":"\n<figure class=\"wp-block-table alignwide is-style-stripes\"><table><tbody><tr><td class=\"has-text-align-left\" data-align=\"left\"><strong>Dator &amp; surfplattor<\/strong><br>B\u00e4rbara datorer, Surfplattor, Station\u00e4ra datorer, Gaming, Tunna klienter, Workstation, V\u00e4skor, Dockningsstationer, Minnen, Batterier, Str\u00f6mkablar &amp; laddare, Kablar &amp; adaptrar, Optiska l\u00e4sare, Filter, H\u00e5rddiskar, 3G &amp; 4G-moduler, Fodral &amp; skal, Kablar &amp; adaptrar, Tangentbord &amp; pennor, Sk\u00e4rmskydd, Stativ, F\u00f6rvaring, Grafikkort, M\u00f6ss &amp; pekdon, Tangentbord, Optiska l\u00e4sare<\/td><td><\/td><\/tr><tr><td class=\"has-text-align-left\" data-align=\"left\"><strong>Datorutrustning &amp; tillbeh\u00f6r<\/strong><br>Bildsk\u00e4rmar, Publika Sk\u00e4rmar, Standardm\u00f6ss, Ergonomiska m\u00f6ss, Gaming-m\u00f6ss, Presentat\u00f6rer, Touchpads, Musmattor, Tangentbord, Gaming-tangentbord, Tangentbordspaket, Tangentbord surfplattor, Numpads, Handledsst\u00f6d, Switchar &amp; Splitters, Extenders, KVM-tillbeh\u00f6r, Kablar &amp; adaptrar, Kabelhantering, Datakablar, N\u00e4tverkskablar, Fiberoptik, Str\u00f6m- &amp; USB-kablar, Ljudkablar &amp; adaptrar, Videokablar &amp; adaptrar, Verktyg &amp; testutrustning, Kortl\u00e4sare, Smart cards, L\u00e5sboxar, Vajerl\u00e5s, Headsets, Spelheadsets, Kontorsheadsets, Webbkameror, Ritplattor, Datorh\u00f6gtalare, Mikrofoner<\/td><td><\/td><\/tr><tr><td class=\"has-text-align-left\" data-align=\"left\"><strong>Server &amp; Storage<\/strong><br>Rackserver, Tornservrar, Bladservrar, Storage, NAS Rack, DAS, SAN, UPS, \u00d6versp\u00e4nningsskydd,<br>Servertillbeh\u00f6r, Operativsystem, Licenser<\/td><td><\/td><\/tr><tr><td class=\"has-text-align-left\" data-align=\"left\"><strong>N\u00e4tverk<\/strong><br>Tr\u00e5dl\u00f6sa routrar, Accesspunkter, Antenner, Tr\u00e5dl\u00f6sa l\u00e4nkar, N\u00e4tverksf\u00f6rl\u00e4ngare, N\u00e4tverksswitchar, Switchar, Kablar, Tillbeh\u00f6r, N\u00e4tverkskort, Brandv\u00e4ggar, Patchpanel, Keystone moduler, N\u00e4tverksverktyg, Mediask\u00e5p, V\u00e4ggjack, Kontaktdon, Installationskabel f\u00f6r n\u00e4tverk, Mediakonverterare, Fibermediakonverterare, NTP-servrar, N\u00e4tverks\u00f6vervakning<\/td><td><\/td><\/tr><tr><td class=\"has-text-align-left\" data-align=\"left\"><strong>Datorkomponenter<\/strong><br>Grafikkort, Datorchassin, RAM-Minnen, Processorer, Moderkort, Frontpaneler, Belysning, N\u00e4taggregat, SATA &amp; SAS, USB &amp; Firewire, Ljudkort<\/td><td><\/td><\/tr><tr><td class=\"has-text-align-left\" data-align=\"left\"><strong>Lagring &amp; minneskort<\/strong><br>Minneskort, Minneskortsl\u00e4sare, USB-minnen, Interna h\u00e5rddiskar, Externa h\u00e5rddiskar, Portabla h\u00e5rddiskar, Station\u00e4ra h\u00e5rddiskar, NAS, CD &amp; DVD &amp; Blu-Ray, HD &amp; CD kabinetter, Diskettenheter, Adaptrar, Kassetter, NAS-tillbeh\u00f6r<\/td><td><\/td><\/tr><tr><td class=\"has-text-align-left\" data-align=\"left\"><strong>Skrivare &amp; f\u00f6rbrukning<\/strong><br>Multifunktionsskrivare, Bl\u00e4ckstr\u00e5leskrivare, Laser f\u00e4rg, Laser svartvit, Sm\u00e5 fotoskrivare, Storformatsskrivare, Matrisskrivare, Laserpapper, Bl\u00e4ckstr\u00e5lepapper, Storformatspapper, OH-papper, Bl\u00e4ck, Toner, Trummor<\/td><td><\/td><\/tr><tr><td class=\"has-text-align-left\" data-align=\"left\"><strong>Ljud &amp; bild<\/strong><br>LED-TV, Projektorer &amp; tillbeh\u00f6r, Projektordukar, Digitalkameror, Videokameror, Kamerastativ, H\u00f6gtalare, Mediaspelare, H\u00f6rlurar, \u00d6vervakningskameror, N\u00e4tverksvideoinspelare, Mikrofoner<\/td><td><\/td><\/tr><tr><td class=\"has-text-align-left\" data-align=\"left\"><strong>Programvara<\/strong><br>Backup, Databas, Utveckling, Grafik, Multimedia, N\u00e4tverk, Operativsystem, Produktivitet, S\u00e4kerhet<\/td><td><\/td><\/tr><tr><td class=\"has-text-align-left\" data-align=\"left\"><strong>POS &amp; M\u00e4rkning<\/strong><br>Handdatorer och terminaler, Kvittoskrivare, Streckkodsl\u00e4sare, POS Datorer och register, Sk\u00e4rm &amp; Display, Kassal\u00e5dor &amp; tillbeh\u00f6r, Etikettskrivare, Kortskrivare, Tangentbord<\/td><td><\/td><\/tr><\/tbody><\/table><\/figure>\n\n\n\n<p><\/p>\n","protected":false},"excerpt":{"rendered":"Dator &amp; surfplattorB\u00e4rbara datorer, Surfplattor, Station\u00e4ra datorer, Gaming, Tunna klienter, Workstation, V\u00e4skor, Dockningsstationer, Minnen, Batterier,&#8230;","protected":false},"author":4,"featured_media":276,"parent":0,"menu_order":0,"comment_status":"closed","ping_status":"closed","template":"page-narrow.php","meta":{"footnotes":""},"class_list":["post-239","page","type-page","status-publish","has-post-thumbnail","hentry"],"yoast_head":"<!-- This site is optimized with the Yoast SEO plugin v17.5 - https:\/\/yoast.com\/wordpress\/plugins\/seo\/ -->\n<meta name=\"robots\" content=\"index, follow, max-snippet:-1, max-image-preview:large, max-video-preview:-1\" \/>\n<link rel=\"canonical\" href=\"https:\/\/kauto.se\/etab\/produkter\/\" \/>\n<meta property=\"og:locale\" content=\"sv_SE\" \/>\n<meta property=\"og:type\" content=\"article\" \/>\n<meta property=\"og:title\" content=\"Produkter - KA IT\" \/>\n<meta property=\"og:description\" content=\"Dator &amp; surfplattorB\u00e4rbara datorer, Surfplattor, Station\u00e4ra datorer, Gaming, Tunna klienter, Workstation, V\u00e4skor, Dockningsstationer, Minnen, Batterier,...\" \/>\n<meta property=\"og:url\" content=\"https:\/\/kauto.se\/etab\/produkter\/\" \/>\n<meta property=\"og:site_name\" content=\"KA IT\" \/>\n<meta property=\"article:modified_time\" content=\"2022-12-29T11:54:04+00:00\" \/>\n<meta property=\"og:image\" content=\"https:\/\/kauto.se\/etab\/wp-content\/uploads\/sites\/4\/2022\/11\/TB.png\" \/>\n\t<meta property=\"og:image:width\" content=\"910\" \/>\n\t<meta property=\"og:image:height\" content=\"613\" \/>\n<meta name=\"twitter:card\" content=\"summary_large_image\" \/>\n<meta name=\"twitter:label1\" content=\"Ber\u00e4knad l\u00e4stid\" \/>\n\t<meta name=\"twitter:data1\" content=\"2 minuter\" \/>\n<script type=\"application\/ld+json\" class=\"yoast-schema-graph\">{\"@context\":\"https:\/\/schema.org\",\"@graph\":[{\"@type\":\"WebSite\",\"@id\":\"https:\/\/kauto.se\/etab\/#website\",\"url\":\"https:\/\/kauto.se\/etab\/\",\"name\":\"KA IT\",\"description\":\"\",\"potentialAction\":[{\"@type\":\"SearchAction\",\"target\":{\"@type\":\"EntryPoint\",\"urlTemplate\":\"https:\/\/kauto.se\/etab\/?s={search_term_string}\"},\"query-input\":\"required name=search_term_string\"}],\"inLanguage\":\"sv-SE\"},{\"@type\":\"ImageObject\",\"@id\":\"https:\/\/kauto.se\/etab\/produkter\/#primaryimage\",\"inLanguage\":\"sv-SE\",\"url\":\"https:\/\/kauto.se\/etab\/wp-content\/uploads\/sites\/4\/2022\/11\/TB.png\",\"contentUrl\":\"https:\/\/kauto.se\/etab\/wp-content\/uploads\/sites\/4\/2022\/11\/TB.png\",\"width\":910,\"height\":613},{\"@type\":\"WebPage\",\"@id\":\"https:\/\/kauto.se\/etab\/produkter\/#webpage\",\"url\":\"https:\/\/kauto.se\/etab\/produkter\/\",\"name\":\"Produkter - KA IT\",\"isPartOf\":{\"@id\":\"https:\/\/kauto.se\/etab\/#website\"},\"primaryImageOfPage\":{\"@id\":\"https:\/\/kauto.se\/etab\/produkter\/#primaryimage\"},\"datePublished\":\"2022-11-01T13:59:56+00:00\",\"dateModified\":\"2022-12-29T11:54:04+00:00\",\"breadcrumb\":{\"@id\":\"https:\/\/kauto.se\/etab\/produkter\/#breadcrumb\"},\"inLanguage\":\"sv-SE\",\"potentialAction\":[{\"@type\":\"ReadAction\",\"target\":[\"https:\/\/kauto.se\/etab\/produkter\/\"]}]},{\"@type\":\"BreadcrumbList\",\"@id\":\"https:\/\/kauto.se\/etab\/produkter\/#breadcrumb\",\"itemListElement\":[{\"@type\":\"ListItem\",\"position\":1,\"name\":\"Home\",\"item\":\"https:\/\/kauto.se\/etab\/\"},{\"@type\":\"ListItem\",\"position\":2,\"name\":\"Produkter\"}]}]}<\/script>\n<!-- \/ Yoast SEO plugin. -->","yoast_head_json":{"robots":{"index":"index","follow":"follow","max-snippet":"max-snippet:-1","max-image-preview":"max-image-preview:large","max-video-preview":"max-video-preview:-1"},"canonical":"https:\/\/kauto.se\/etab\/produkter\/","og_locale":"sv_SE","og_type":"article","og_title":"Produkter - KA IT","og_description":"Dator &amp; surfplattorB\u00e4rbara datorer, Surfplattor, Station\u00e4ra datorer, Gaming, Tunna klienter, Workstation, V\u00e4skor, Dockningsstationer, Minnen, Batterier,...","og_url":"https:\/\/kauto.se\/etab\/produkter\/","og_site_name":"KA IT","article_modified_time":"2022-12-29T11:54:04+00:00","og_image":[{"width":910,"height":613,"url":"https:\/\/kauto.se\/etab\/wp-content\/uploads\/sites\/4\/2022\/11\/TB.png","type":"image\/png"}],"twitter_card":"summary_large_image","twitter_misc":{"Ber\u00e4knad l\u00e4stid":"2 minuter"},"schema":{"@context":"https:\/\/schema.org","@graph":[{"@type":"WebSite","@id":"https:\/\/kauto.se\/etab\/#website","url":"https:\/\/kauto.se\/etab\/","name":"KA IT","description":"","potentialAction":[{"@type":"SearchAction","target":{"@type":"EntryPoint","urlTemplate":"https:\/\/kauto.se\/etab\/?s={search_term_string}"},"query-input":"required name=search_term_string"}],"inLanguage":"sv-SE"},{"@type":"ImageObject","@id":"https:\/\/kauto.se\/etab\/produkter\/#primaryimage","inLanguage":"sv-SE","url":"https:\/\/kauto.se\/etab\/wp-content\/uploads\/sites\/4\/2022\/11\/TB.png","contentUrl":"https:\/\/kauto.se\/etab\/wp-content\/uploads\/sites\/4\/2022\/11\/TB.png","width":910,"height":613},{"@type":"WebPage","@id":"https:\/\/kauto.se\/etab\/produkter\/#webpage","url":"https:\/\/kauto.se\/etab\/produkter\/","name":"Produkter - KA IT","isPartOf":{"@id":"https:\/\/kauto.se\/etab\/#website"},"primaryImageOfPage":{"@id":"https:\/\/kauto.se\/etab\/produkter\/#primaryimage"},"datePublished":"2022-11-01T13:59:56+00:00","dateModified":"2022-12-29T11:54:04+00:00","breadcrumb":{"@id":"https:\/\/kauto.se\/etab\/produkter\/#breadcrumb"},"inLanguage":"sv-SE","potentialAction":[{"@type":"ReadAction","target":["https:\/\/kauto.se\/etab\/produkter\/"]}]},{"@type":"BreadcrumbList","@id":"https:\/\/kauto.se\/etab\/produkter\/#breadcrumb","itemListElement":[{"@type":"ListItem","position":1,"name":"Home","item":"https:\/\/kauto.se\/etab\/"},{"@type":"ListItem","position":2,"name":"Produkter"}]}]}},"_links":{"self":[{"href":"https:\/\/kauto.se\/etab\/wp-json\/wp\/v2\/pages\/239","targetHints":{"allow":["GET"]}}],"collection":[{"href":"https:\/\/kauto.se\/etab\/wp-json\/wp\/v2\/pages"}],"about":[{"href":"https:\/\/kauto.se\/etab\/wp-json\/wp\/v2\/types\/page"}],"author":[{"embeddable":true,"href":"https:\/\/kauto.se\/etab\/wp-json\/wp\/v2\/users\/4"}],"replies":[{"embeddable":true,"href":"https:\/\/kauto.se\/etab\/wp-json\/wp\/v2\/comments?post=239"}],"version-history":[{"count":18,"href":"https:\/\/kauto.se\/etab\/wp-json\/wp\/v2\/pages\/239\/revisions"}],"predecessor-version":[{"id":410,"href":"https:\/\/kauto.se\/etab\/wp-json\/wp\/v2\/pages\/239\/revisions\/410"}],"wp:featuredmedia":[{"embeddable":true,"href":"https:\/\/kauto.se\/etab\/wp-json\/wp\/v2\/media\/276"}],"wp:attachment":[{"href":"https:\/\/kauto.se\/etab\/wp-json\/wp\/v2\/media?parent=239"}],"curies":[{"name":"wp","href":"https:\/\/api.w.org\/{rel}","templated":true}]}}