{"id":18,"date":"2022-10-13T11:19:10","date_gmt":"2022-10-13T09:19:10","guid":{"rendered":"https:\/\/kauto.se\/etab\/?page_id=18"},"modified":"2025-11-17T10:09:28","modified_gmt":"2025-11-17T09:09:28","slug":"jobba-hos-oss","status":"publish","type":"page","link":"https:\/\/kauto.se\/etab\/jobba-hos-oss\/","title":{"rendered":"Just nu s\u00f6ker vi en IT-tekniker!"},"content":{"rendered":"<div class=\"wp-block-image\">\n<figure class=\"alignleft size-full\"><img loading=\"lazy\" decoding=\"async\" width=\"440\" height=\"334\" src=\"https:\/\/kauto.se\/etab\/wp-content\/uploads\/sites\/4\/2022\/11\/ETab_dator1.png\" alt=\"\" class=\"wp-image-157\" \/><\/figure>\n<\/div>\n\n\n<p class=\"has-text-align-left\"><br><br><br><br><br><br><br><br><br><br><br><\/p>\n\n\n\n<p class=\"has-text-align-left\"><strong>Om tj\u00e4nsten:<\/strong><\/p>\n\n\n\n<p>Som IT-service-tekniker hos oss blir du en nyckelperson i v\u00e5rt team och arbetar direkt med v\u00e5ra kunders IT-l\u00f6sningar. <br>Du kommer ansvara f\u00f6r installation, underh\u00e5ll och support av datorer, servrar och kringutrustning<br>samt hj\u00e4lpa kunderna med allt som r\u00f6r deras Windows-baserade arbetsmilj\u00f6.<\/p>\n\n\n\n<p><strong>Dina huvudsakliga arbetsuppgifter:<\/strong><\/p>\n\n\n\n<ul class=\"wp-block-list\">\n<li>Serva och underh\u00e5lla kunders datorer och IT-system.<\/li>\n\n\n\n<li>Installera och konfigurera h\u00e5rdvara och Windows-baserade system.<\/li>\n\n\n\n<li>Fels\u00f6ka och l\u00f6sa tekniska problem hos kunder.<\/li>\n\n\n\n<li>Underh\u00e5lla n\u00e4tverk, skrivare och annan kringutrustning.<\/li>\n\n\n\n<li>Dokumentera och f\u00f6lja upp support\u00e4renden.<\/li>\n<\/ul>\n\n\n\n<p><strong>Vi s\u00f6ker dig som:<\/strong><\/p>\n\n\n\n<ul class=\"wp-block-list\">\n<li>Har erfarenhet av IT-h\u00e5rdvara och Windows-milj\u00f6er.<\/li>\n\n\n\n<li>\u00c4r serviceinriktad och trivs med kundkontakt.<\/li>\n\n\n\n<li>\u00c4r sj\u00e4lvg\u00e5ende, ansvarstagande och noggrann.<\/li>\n\n\n\n<li>Har god kommunikationsf\u00f6rm\u00e5ga p\u00e5 svenska.<\/li>\n<\/ul>\n\n\n\n<p><br><strong>Vi erbjuder:<\/strong><\/p>\n\n\n\n<ul class=\"wp-block-list\">\n<li>Ett varierande och utvecklande arbete i ett trevligt team.<\/li>\n\n\n\n<li>M\u00f6jlighet att p\u00e5verka och bidra till kunders IT-l\u00f6sningar.<\/li>\n\n\n\n<li>Konkurrenskraftig l\u00f6n och f\u00f6rm\u00e5ner.<\/li>\n<\/ul>\n\n\n\n<p><strong>Meriterande:<\/strong><\/p>\n\n\n\n<ul class=\"wp-block-list\">\n<li>Kunskap kring n\u00e4tverk och fels\u00f6kning.<\/li>\n\n\n\n<li>Erfarenhet av Windows Server-milj\u00f6er.<\/li>\n<\/ul>\n\n\n\n<p class=\"has-text-align-left\"><br>Skicka din ans\u00f6kan till: <a href=\"mailto:rekrytering@kait.se\">rekrytering@kait.se<\/a><\/p>\n","protected":false},"excerpt":{"rendered":"Om tj\u00e4nsten: Som IT-service-tekniker hos oss blir du en nyckelperson i v\u00e5rt team och arbetar&#8230;","protected":false},"author":1,"featured_media":0,"parent":0,"menu_order":0,"comment_status":"closed","ping_status":"closed","template":"","meta":{"footnotes":""},"class_list":["post-18","page","type-page","status-publish","hentry"],"yoast_head":"<!-- This site is optimized with the Yoast SEO plugin v17.5 - https:\/\/yoast.com\/wordpress\/plugins\/seo\/ -->\n<meta name=\"robots\" content=\"index, follow, max-snippet:-1, max-image-preview:large, max-video-preview:-1\" \/>\n<link rel=\"canonical\" href=\"https:\/\/kauto.se\/etab\/jobba-hos-oss\/\" \/>\n<meta property=\"og:locale\" content=\"sv_SE\" \/>\n<meta property=\"og:type\" content=\"article\" \/>\n<meta property=\"og:title\" content=\"Just nu s\u00f6ker vi en IT-tekniker! - KA IT\" \/>\n<meta property=\"og:description\" content=\"Om tj\u00e4nsten: Som IT-service-tekniker hos oss blir du en nyckelperson i v\u00e5rt team och arbetar...\" \/>\n<meta property=\"og:url\" content=\"https:\/\/kauto.se\/etab\/jobba-hos-oss\/\" \/>\n<meta property=\"og:site_name\" content=\"KA IT\" \/>\n<meta property=\"article:modified_time\" content=\"2025-11-17T09:09:28+00:00\" \/>\n<meta property=\"og:image\" content=\"https:\/\/kauto.se\/etab\/wp-content\/uploads\/sites\/4\/2022\/11\/ETab_dator1.png\" \/>\n<meta name=\"twitter:card\" content=\"summary_large_image\" \/>\n<meta name=\"twitter:label1\" content=\"Ber\u00e4knad l\u00e4stid\" \/>\n\t<meta name=\"twitter:data1\" content=\"1 minut\" \/>\n<script type=\"application\/ld+json\" class=\"yoast-schema-graph\">{\"@context\":\"https:\/\/schema.org\",\"@graph\":[{\"@type\":\"WebSite\",\"@id\":\"https:\/\/kauto.se\/etab\/#website\",\"url\":\"https:\/\/kauto.se\/etab\/\",\"name\":\"KA IT\",\"description\":\"\",\"potentialAction\":[{\"@type\":\"SearchAction\",\"target\":{\"@type\":\"EntryPoint\",\"urlTemplate\":\"https:\/\/kauto.se\/etab\/?s={search_term_string}\"},\"query-input\":\"required name=search_term_string\"}],\"inLanguage\":\"sv-SE\"},{\"@type\":\"ImageObject\",\"@id\":\"https:\/\/kauto.se\/etab\/jobba-hos-oss\/#primaryimage\",\"inLanguage\":\"sv-SE\",\"url\":\"https:\/\/kauto.se\/etab\/wp-content\/uploads\/sites\/4\/2022\/11\/ETab_dator1.png\",\"contentUrl\":\"https:\/\/kauto.se\/etab\/wp-content\/uploads\/sites\/4\/2022\/11\/ETab_dator1.png\",\"width\":440,\"height\":334},{\"@type\":\"WebPage\",\"@id\":\"https:\/\/kauto.se\/etab\/jobba-hos-oss\/#webpage\",\"url\":\"https:\/\/kauto.se\/etab\/jobba-hos-oss\/\",\"name\":\"Just nu s\\u00f6ker vi en IT-tekniker! - KA IT\",\"isPartOf\":{\"@id\":\"https:\/\/kauto.se\/etab\/#website\"},\"primaryImageOfPage\":{\"@id\":\"https:\/\/kauto.se\/etab\/jobba-hos-oss\/#primaryimage\"},\"datePublished\":\"2022-10-13T09:19:10+00:00\",\"dateModified\":\"2025-11-17T09:09:28+00:00\",\"breadcrumb\":{\"@id\":\"https:\/\/kauto.se\/etab\/jobba-hos-oss\/#breadcrumb\"},\"inLanguage\":\"sv-SE\",\"potentialAction\":[{\"@type\":\"ReadAction\",\"target\":[\"https:\/\/kauto.se\/etab\/jobba-hos-oss\/\"]}]},{\"@type\":\"BreadcrumbList\",\"@id\":\"https:\/\/kauto.se\/etab\/jobba-hos-oss\/#breadcrumb\",\"itemListElement\":[{\"@type\":\"ListItem\",\"position\":1,\"name\":\"Home\",\"item\":\"https:\/\/kauto.se\/etab\/\"},{\"@type\":\"ListItem\",\"position\":2,\"name\":\"Just nu s\\u00f6ker vi en IT-tekniker!\"}]}]}<\/script>\n<!-- \/ Yoast SEO plugin. -->","yoast_head_json":{"robots":{"index":"index","follow":"follow","max-snippet":"max-snippet:-1","max-image-preview":"max-image-preview:large","max-video-preview":"max-video-preview:-1"},"canonical":"https:\/\/kauto.se\/etab\/jobba-hos-oss\/","og_locale":"sv_SE","og_type":"article","og_title":"Just nu s\u00f6ker vi en IT-tekniker! - KA IT","og_description":"Om tj\u00e4nsten: Som IT-service-tekniker hos oss blir du en nyckelperson i v\u00e5rt team och arbetar...","og_url":"https:\/\/kauto.se\/etab\/jobba-hos-oss\/","og_site_name":"KA IT","article_modified_time":"2025-11-17T09:09:28+00:00","og_image":[{"url":"https:\/\/kauto.se\/etab\/wp-content\/uploads\/sites\/4\/2022\/11\/ETab_dator1.png"}],"twitter_card":"summary_large_image","twitter_misc":{"Ber\u00e4knad l\u00e4stid":"1 minut"},"schema":{"@context":"https:\/\/schema.org","@graph":[{"@type":"WebSite","@id":"https:\/\/kauto.se\/etab\/#website","url":"https:\/\/kauto.se\/etab\/","name":"KA IT","description":"","potentialAction":[{"@type":"SearchAction","target":{"@type":"EntryPoint","urlTemplate":"https:\/\/kauto.se\/etab\/?s={search_term_string}"},"query-input":"required name=search_term_string"}],"inLanguage":"sv-SE"},{"@type":"ImageObject","@id":"https:\/\/kauto.se\/etab\/jobba-hos-oss\/#primaryimage","inLanguage":"sv-SE","url":"https:\/\/kauto.se\/etab\/wp-content\/uploads\/sites\/4\/2022\/11\/ETab_dator1.png","contentUrl":"https:\/\/kauto.se\/etab\/wp-content\/uploads\/sites\/4\/2022\/11\/ETab_dator1.png","width":440,"height":334},{"@type":"WebPage","@id":"https:\/\/kauto.se\/etab\/jobba-hos-oss\/#webpage","url":"https:\/\/kauto.se\/etab\/jobba-hos-oss\/","name":"Just nu s\u00f6ker vi en IT-tekniker! - KA IT","isPartOf":{"@id":"https:\/\/kauto.se\/etab\/#website"},"primaryImageOfPage":{"@id":"https:\/\/kauto.se\/etab\/jobba-hos-oss\/#primaryimage"},"datePublished":"2022-10-13T09:19:10+00:00","dateModified":"2025-11-17T09:09:28+00:00","breadcrumb":{"@id":"https:\/\/kauto.se\/etab\/jobba-hos-oss\/#breadcrumb"},"inLanguage":"sv-SE","potentialAction":[{"@type":"ReadAction","target":["https:\/\/kauto.se\/etab\/jobba-hos-oss\/"]}]},{"@type":"BreadcrumbList","@id":"https:\/\/kauto.se\/etab\/jobba-hos-oss\/#breadcrumb","itemListElement":[{"@type":"ListItem","position":1,"name":"Home","item":"https:\/\/kauto.se\/etab\/"},{"@type":"ListItem","position":2,"name":"Just nu s\u00f6ker vi en IT-tekniker!"}]}]}},"_links":{"self":[{"href":"https:\/\/kauto.se\/etab\/wp-json\/wp\/v2\/pages\/18","targetHints":{"allow":["GET"]}}],"collection":[{"href":"https:\/\/kauto.se\/etab\/wp-json\/wp\/v2\/pages"}],"about":[{"href":"https:\/\/kauto.se\/etab\/wp-json\/wp\/v2\/types\/page"}],"author":[{"embeddable":true,"href":"https:\/\/kauto.se\/etab\/wp-json\/wp\/v2\/users\/1"}],"replies":[{"embeddable":true,"href":"https:\/\/kauto.se\/etab\/wp-json\/wp\/v2\/comments?post=18"}],"version-history":[{"count":11,"href":"https:\/\/kauto.se\/etab\/wp-json\/wp\/v2\/pages\/18\/revisions"}],"predecessor-version":[{"id":824,"href":"https:\/\/kauto.se\/etab\/wp-json\/wp\/v2\/pages\/18\/revisions\/824"}],"wp:attachment":[{"href":"https:\/\/kauto.se\/etab\/wp-json\/wp\/v2\/media?parent=18"}],"curies":[{"name":"wp","href":"https:\/\/api.w.org\/{rel}","templated":true}]}}