{"id":51,"date":"2021-11-15T09:54:38","date_gmt":"2021-11-15T08:54:38","guid":{"rendered":"https:\/\/kauto.se\/com\/?page_id=51"},"modified":"2022-11-02T09:49:22","modified_gmt":"2022-11-02T08:49:22","slug":"om-oss","status":"publish","type":"page","link":"https:\/\/kauto.se\/com\/om-oss\/","title":{"rendered":"Om oss"},"content":{"rendered":"\n<p>KA com s\u00e4ljer tj\u00e4nster och produkter inom omr\u00e5det Industri 4.0 och som fokuserar p\u00e5 sammankoppling, automatisering, maskininl\u00e4rning och realtidsdata. Syftet \u00e4r att skapa effektivare processer, inom alla applicerbara led inom en verksamhet, f\u00f6r kunden och d\u00e4rmed f\u00f6rb\u00e4ttrad l\u00f6nsamhet och konkurrenskraft. Nyckelord: Industri-IT, 5G, IIoT, Industri 4.0. KA com ing\u00e5r i KA group d\u00e4r \u00e4ven <u>KA automation<\/u>, <u>Neurolearn<\/u> och <a href=\"https:\/\/kauto.se\/etab\/\">Etab Data<\/a> ing\u00e5r.<\/p>\n\n\n\n<p>Alla f\u00f6retagen samarbetar f\u00f6r att kunna leverera en helhetsl\u00f6sning till slutkund.<\/p>\n\n\n\n<div class=\"wp-block-group\"><div class=\"wp-block-group__inner-container is-layout-flow wp-block-group-is-layout-flow\">\n<ul class=\"wp-block-list\"><li>St\u00f6rre m\u00e5lmedveten satsning p\u00e5 utveckling och framtid.<\/li><li>Stort kliv in i framtiden som i v\u00e4sentliga avseenden ser annorlunda ut.<\/li><li>Med det v\u00e4xande omr\u00e5det f\u00f6r IoT och transaktionsdata ser vi att anv\u00e4ndningen av AI och s\u00e4rskild maskin- och djupinl\u00e4rning beh\u00f6vs f\u00f6r att kunna arbeta med stora m\u00e4ngder data, fr\u00e4mst f\u00f6r \u00e5terkoppling inom produktionsindustrin.<\/li><li>KA com s\u00e4ljer tj\u00e4nster inom omr\u00e5det Industri 4.0 och fokuserar p\u00e5 sammankoppling, automatisering, maskininl\u00e4rning och realtidsdata. Syftet \u00e4r att skapa effektiverare processer inom alla applicerbara led inom en verksamhet.<\/li><\/ul>\n<\/div><\/div>\n\n\n\n<div style=\"height:50px\" aria-hidden=\"true\" class=\"wp-block-spacer\"><\/div>\n\n\n\n<div class=\"wp-block-group border\"><div class=\"wp-block-group__inner-container is-layout-flow wp-block-group-is-layout-flow\">\n<div class=\"wp-block-columns is-layout-flex wp-container-core-columns-is-layout-9d6595d7 wp-block-columns-is-layout-flex\">\n<div class=\"wp-block-column is-layout-flow wp-block-column-is-layout-flow\">\n<figure class=\"wp-block-image size-full\"><img loading=\"lazy\" decoding=\"async\" width=\"500\" height=\"500\" src=\"https:\/\/kauto.se\/com\/wp-content\/uploads\/sites\/3\/2021\/11\/sq-auto.jpg\" alt=\"\" class=\"wp-image-64\" srcset=\"https:\/\/kauto.se\/com\/wp-content\/uploads\/sites\/3\/2021\/11\/sq-auto.jpg 500w, https:\/\/kauto.se\/com\/wp-content\/uploads\/sites\/3\/2021\/11\/sq-auto-150x150.jpg 150w\" sizes=\"auto, (max-width: 500px) 100vw, 500px\" \/><\/figure>\n\n\n\n<div style=\"height:30px\" aria-hidden=\"true\" class=\"wp-block-spacer\"><\/div>\n\n\n\n<h3 class=\"wp-block-heading\">KA automation<\/h3>\n\n\n\n<ul class=\"wp-block-list\"><li>Apparatsk\u00e5p<\/li><li>Robotteknik<\/li><li>Programmering PLC<\/li><li>Konstruktion<\/li><li>Installation<\/li><li>Service<\/li><\/ul>\n<\/div>\n\n\n\n<div class=\"wp-block-column is-layout-flow wp-block-column-is-layout-flow\">\n<figure class=\"wp-block-image size-full\"><img loading=\"lazy\" decoding=\"async\" width=\"500\" height=\"500\" src=\"https:\/\/kauto.se\/com\/wp-content\/uploads\/sites\/3\/2021\/11\/sq-com.jpg\" alt=\"\" class=\"wp-image-65\" srcset=\"https:\/\/kauto.se\/com\/wp-content\/uploads\/sites\/3\/2021\/11\/sq-com.jpg 500w, https:\/\/kauto.se\/com\/wp-content\/uploads\/sites\/3\/2021\/11\/sq-com-150x150.jpg 150w\" sizes=\"auto, (max-width: 500px) 100vw, 500px\" \/><\/figure>\n\n\n\n<div style=\"height:30px\" aria-hidden=\"true\" class=\"wp-block-spacer\"><\/div>\n\n\n\n<h3 class=\"wp-block-heading\">KA com<\/h3>\n\n\n\n<ul class=\"wp-block-list\"><li>Industri-IT(HW)<\/li><li>IT(HW)<\/li><li>IT-Servcice\/installation<\/li><li>IIoT\/5G<\/li><li>Utvecklingsprojekt<\/li><li>Datahantering<\/li><li>Programmering PC<\/li><\/ul>\n<\/div>\n\n\n\n<div class=\"wp-block-column is-layout-flow wp-block-column-is-layout-flow\">\n<figure class=\"wp-block-image size-full\"><img loading=\"lazy\" decoding=\"async\" width=\"500\" height=\"500\" src=\"https:\/\/kauto.se\/com\/wp-content\/uploads\/sites\/3\/2021\/11\/sq-neurolearn.jpg\" alt=\"\" class=\"wp-image-66\" srcset=\"https:\/\/kauto.se\/com\/wp-content\/uploads\/sites\/3\/2021\/11\/sq-neurolearn.jpg 500w, https:\/\/kauto.se\/com\/wp-content\/uploads\/sites\/3\/2021\/11\/sq-neurolearn-150x150.jpg 150w\" sizes=\"auto, (max-width: 500px) 100vw, 500px\" \/><\/figure>\n\n\n\n<div style=\"height:30px\" aria-hidden=\"true\" class=\"wp-block-spacer\"><\/div>\n\n\n\n<h3 class=\"wp-block-heading\">Neurolearn<\/h3>\n\n\n\n<ul class=\"wp-block-list\"><li>AI<\/li><li>Objektdetektering<\/li><li>Anomalidetektering<\/li><li>Objektsp\u00e5rning<\/li><li>Anv\u00e4ndarbeteende<\/li><li>Tidsserieanalys<\/li><li>Avancerad programmering<\/li><\/ul>\n<\/div>\n\n\n\n<div class=\"wp-block-column is-layout-flow wp-block-column-is-layout-flow\">\n<figure class=\"wp-block-image size-full\"><img loading=\"lazy\" decoding=\"async\" width=\"362\" height=\"257\" src=\"https:\/\/kauto.se\/com\/wp-content\/uploads\/sites\/3\/2022\/11\/et.png\" alt=\"\" class=\"wp-image-148\"\/><\/figure>\n\n\n\n<div style=\"height:87px\" aria-hidden=\"true\" class=\"wp-block-spacer\"><\/div>\n\n\n\n<h3 class=\"wp-block-heading\">Etab Data<\/h3>\n\n\n\n<ul class=\"wp-block-list\"><li>Dator &amp; surfplattor<\/li><li>Datorutrustning &amp; tillbeh\u00f6r<\/li><li>Server &amp; Storage<\/li><li>N\u00e4tverk<\/li><li>Datorkomponenter<\/li><li>Lagring &amp; minneskort<\/li><li>Skrivare &amp; f\u00f6rbrukning<\/li><li>Ljud &amp; bild<\/li><li>Programvara<\/li><li>POS &amp; M\u00e4rkning<\/li><\/ul>\n<\/div>\n<\/div>\n\n\n\n<div class=\"wp-block-image d-none d-lg-block\"><figure class=\"aligncenter size-full\"><img loading=\"lazy\" decoding=\"async\" width=\"605\" height=\"90\" src=\"https:\/\/kauto.se\/com\/wp-content\/uploads\/sites\/3\/2021\/11\/samarbete.png\" alt=\"\" class=\"wp-image-61\" srcset=\"https:\/\/kauto.se\/com\/wp-content\/uploads\/sites\/3\/2021\/11\/samarbete.png 605w, https:\/\/kauto.se\/com\/wp-content\/uploads\/sites\/3\/2021\/11\/samarbete-500x74.webp 500w\" sizes=\"auto, (max-width: 605px) 100vw, 605px\" \/><\/figure><\/div>\n<\/div><\/div>\n\n\n\n<div style=\"height:100px\" aria-hidden=\"true\" class=\"wp-block-spacer\"><\/div>\n","protected":false},"excerpt":{"rendered":"KA com s\u00e4ljer tj\u00e4nster och produkter inom omr\u00e5det Industri 4.0 och som fokuserar p\u00e5 sammankoppling,&#8230;","protected":false},"author":1,"featured_media":130,"parent":0,"menu_order":0,"comment_status":"closed","ping_status":"closed","template":"","meta":{"footnotes":""},"class_list":["post-51","page","type-page","status-publish","has-post-thumbnail","hentry"],"yoast_head":"<!-- This site is optimized with the Yoast SEO plugin v17.5 - https:\/\/yoast.com\/wordpress\/plugins\/seo\/ -->\n<meta name=\"robots\" content=\"index, follow, max-snippet:-1, max-image-preview:large, max-video-preview:-1\" \/>\n<link rel=\"canonical\" href=\"https:\/\/kauto.se\/com\/om-oss\/\" \/>\n<meta property=\"og:locale\" content=\"sv_SE\" \/>\n<meta property=\"og:type\" content=\"article\" \/>\n<meta property=\"og:title\" content=\"Om oss - KA com\" \/>\n<meta property=\"og:description\" content=\"KA com s\u00e4ljer tj\u00e4nster och produkter inom omr\u00e5det Industri 4.0 och som fokuserar p\u00e5 sammankoppling,...\" \/>\n<meta property=\"og:url\" content=\"https:\/\/kauto.se\/com\/om-oss\/\" \/>\n<meta property=\"og:site_name\" content=\"KA com\" \/>\n<meta property=\"article:modified_time\" content=\"2022-11-02T08:49:22+00:00\" \/>\n<meta property=\"og:image\" content=\"https:\/\/kauto.se\/com\/wp-content\/uploads\/sites\/3\/2021\/12\/medarbsmall.png\" \/>\n\t<meta property=\"og:image:width\" content=\"240\" \/>\n\t<meta property=\"og:image:height\" content=\"216\" \/>\n<meta name=\"twitter:card\" content=\"summary_large_image\" \/>\n<meta name=\"twitter:label1\" content=\"Ber\u00e4knad l\u00e4stid\" \/>\n\t<meta name=\"twitter:data1\" content=\"2 minuter\" \/>\n<script type=\"application\/ld+json\" class=\"yoast-schema-graph\">{\"@context\":\"https:\/\/schema.org\",\"@graph\":[{\"@type\":\"WebSite\",\"@id\":\"https:\/\/kauto.se\/com\/#website\",\"url\":\"https:\/\/kauto.se\/com\/\",\"name\":\"KA com\",\"description\":\"\",\"potentialAction\":[{\"@type\":\"SearchAction\",\"target\":{\"@type\":\"EntryPoint\",\"urlTemplate\":\"https:\/\/kauto.se\/com\/?s={search_term_string}\"},\"query-input\":\"required name=search_term_string\"}],\"inLanguage\":\"sv-SE\"},{\"@type\":\"ImageObject\",\"@id\":\"https:\/\/kauto.se\/com\/om-oss\/#primaryimage\",\"inLanguage\":\"sv-SE\",\"url\":\"https:\/\/kauto.se\/com\/wp-content\/uploads\/sites\/3\/2021\/12\/medarbsmall.png\",\"contentUrl\":\"https:\/\/kauto.se\/com\/wp-content\/uploads\/sites\/3\/2021\/12\/medarbsmall.png\",\"width\":240,\"height\":216},{\"@type\":\"WebPage\",\"@id\":\"https:\/\/kauto.se\/com\/om-oss\/#webpage\",\"url\":\"https:\/\/kauto.se\/com\/om-oss\/\",\"name\":\"Om oss - KA com\",\"isPartOf\":{\"@id\":\"https:\/\/kauto.se\/com\/#website\"},\"primaryImageOfPage\":{\"@id\":\"https:\/\/kauto.se\/com\/om-oss\/#primaryimage\"},\"datePublished\":\"2021-11-15T08:54:38+00:00\",\"dateModified\":\"2022-11-02T08:49:22+00:00\",\"breadcrumb\":{\"@id\":\"https:\/\/kauto.se\/com\/om-oss\/#breadcrumb\"},\"inLanguage\":\"sv-SE\",\"potentialAction\":[{\"@type\":\"ReadAction\",\"target\":[\"https:\/\/kauto.se\/com\/om-oss\/\"]}]},{\"@type\":\"BreadcrumbList\",\"@id\":\"https:\/\/kauto.se\/com\/om-oss\/#breadcrumb\",\"itemListElement\":[{\"@type\":\"ListItem\",\"position\":1,\"name\":\"Home\",\"item\":\"https:\/\/kauto.se\/com\/\"},{\"@type\":\"ListItem\",\"position\":2,\"name\":\"Om oss\"}]}]}<\/script>\n<!-- \/ Yoast SEO plugin. -->","yoast_head_json":{"robots":{"index":"index","follow":"follow","max-snippet":"max-snippet:-1","max-image-preview":"max-image-preview:large","max-video-preview":"max-video-preview:-1"},"canonical":"https:\/\/kauto.se\/com\/om-oss\/","og_locale":"sv_SE","og_type":"article","og_title":"Om oss - KA com","og_description":"KA com s\u00e4ljer tj\u00e4nster och produkter inom omr\u00e5det Industri 4.0 och som fokuserar p\u00e5 sammankoppling,...","og_url":"https:\/\/kauto.se\/com\/om-oss\/","og_site_name":"KA com","article_modified_time":"2022-11-02T08:49:22+00:00","og_image":[{"width":240,"height":216,"url":"https:\/\/kauto.se\/com\/wp-content\/uploads\/sites\/3\/2021\/12\/medarbsmall.png","type":"image\/png"}],"twitter_card":"summary_large_image","twitter_misc":{"Ber\u00e4knad l\u00e4stid":"2 minuter"},"schema":{"@context":"https:\/\/schema.org","@graph":[{"@type":"WebSite","@id":"https:\/\/kauto.se\/com\/#website","url":"https:\/\/kauto.se\/com\/","name":"KA com","description":"","potentialAction":[{"@type":"SearchAction","target":{"@type":"EntryPoint","urlTemplate":"https:\/\/kauto.se\/com\/?s={search_term_string}"},"query-input":"required name=search_term_string"}],"inLanguage":"sv-SE"},{"@type":"ImageObject","@id":"https:\/\/kauto.se\/com\/om-oss\/#primaryimage","inLanguage":"sv-SE","url":"https:\/\/kauto.se\/com\/wp-content\/uploads\/sites\/3\/2021\/12\/medarbsmall.png","contentUrl":"https:\/\/kauto.se\/com\/wp-content\/uploads\/sites\/3\/2021\/12\/medarbsmall.png","width":240,"height":216},{"@type":"WebPage","@id":"https:\/\/kauto.se\/com\/om-oss\/#webpage","url":"https:\/\/kauto.se\/com\/om-oss\/","name":"Om oss - KA com","isPartOf":{"@id":"https:\/\/kauto.se\/com\/#website"},"primaryImageOfPage":{"@id":"https:\/\/kauto.se\/com\/om-oss\/#primaryimage"},"datePublished":"2021-11-15T08:54:38+00:00","dateModified":"2022-11-02T08:49:22+00:00","breadcrumb":{"@id":"https:\/\/kauto.se\/com\/om-oss\/#breadcrumb"},"inLanguage":"sv-SE","potentialAction":[{"@type":"ReadAction","target":["https:\/\/kauto.se\/com\/om-oss\/"]}]},{"@type":"BreadcrumbList","@id":"https:\/\/kauto.se\/com\/om-oss\/#breadcrumb","itemListElement":[{"@type":"ListItem","position":1,"name":"Home","item":"https:\/\/kauto.se\/com\/"},{"@type":"ListItem","position":2,"name":"Om oss"}]}]}},"_links":{"self":[{"href":"https:\/\/kauto.se\/com\/wp-json\/wp\/v2\/pages\/51","targetHints":{"allow":["GET"]}}],"collection":[{"href":"https:\/\/kauto.se\/com\/wp-json\/wp\/v2\/pages"}],"about":[{"href":"https:\/\/kauto.se\/com\/wp-json\/wp\/v2\/types\/page"}],"author":[{"embeddable":true,"href":"https:\/\/kauto.se\/com\/wp-json\/wp\/v2\/users\/1"}],"replies":[{"embeddable":true,"href":"https:\/\/kauto.se\/com\/wp-json\/wp\/v2\/comments?post=51"}],"version-history":[{"count":24,"href":"https:\/\/kauto.se\/com\/wp-json\/wp\/v2\/pages\/51\/revisions"}],"predecessor-version":[{"id":159,"href":"https:\/\/kauto.se\/com\/wp-json\/wp\/v2\/pages\/51\/revisions\/159"}],"wp:featuredmedia":[{"embeddable":true,"href":"https:\/\/kauto.se\/com\/wp-json\/wp\/v2\/media\/130"}],"wp:attachment":[{"href":"https:\/\/kauto.se\/com\/wp-json\/wp\/v2\/media?parent=51"}],"curies":[{"name":"wp","href":"https:\/\/api.w.org\/{rel}","templated":true}]}}