{"id":47,"date":"2021-11-15T09:52:29","date_gmt":"2021-11-15T08:52:29","guid":{"rendered":"https:\/\/kauto.se\/com\/?page_id=47"},"modified":"2021-12-01T09:56:19","modified_gmt":"2021-12-01T08:56:19","slug":"var-policy","status":"publish","type":"page","link":"https:\/\/kauto.se\/com\/var-policy\/","title":{"rendered":"V\u00e5r policy"},"content":{"rendered":"\n<h2 class=\"wp-block-heading\">Policyns omfattning:<\/h2>\n\n\n\n<p>Denna dataskyddspolicy beskriver hur vi inom KA com samlar in, anv\u00e4nder,<br>lagrar, delar, raderar och skyddar personuppgifter.<\/p>\n\n\n\n<p> KA com f\u00f6rbinder sig att respektera och skydda dina personuppgifter och<br>din personliga integritet i enlighet med g\u00e4llande lagstiftning, branschregler och andra<br>relevanta normer.<\/p>\n\n\n\n<p>Med personlig information avses information som registrerats i ett format som identifierar<br>dig personligen, antingen direkt eller tillsammans med annan information som \u00e4r tillg\u00e4nglig<br>f\u00f6r oss.<\/p>\n\n\n\n<p>V\u00e5r hemsida kan inneh\u00e5lla l\u00e4nkar till andra hemsidor och om du anger personlig informaion<br>n\u00e4r du \u00e4r p\u00e5 en s\u00e5dan hemsida behandlas din information i enlighet med deras dataskyddspolicy och du b\u00f6r d\u00e5 se \u00f6ver vad som g\u00e4ller d\u00e4r.<\/p>\n\n\n\n<h2 class=\"wp-block-heading\">Godk\u00e4nnande av dataskyddspolicyn<\/h2>\n\n\n\n<p>Genom att k\u00f6pa v\u00e5ra tj\u00e4nster, utf\u00f6ra uppdrag f\u00f6r v\u00e5r r\u00e4kning eller f\u00f6r annan anledning<br>kontakta oss godk\u00e4nner du att vi anv\u00e4nder din personliga information i enlighet med denna<br>policy och g\u00e4llande lagar.<\/p>\n\n\n\n<h2 class=\"wp-block-heading\">Vi samlar in f\u00f6ljande personuppgifter<\/h2>\n\n\n\n<p>Vi samlar in n\u00f6dv\u00e4ndig information om namn, e-postadress, position i f\u00f6retaget,<br>telefonnummer, leveransadress, fakturaadress, betalningsinformation mm som kr\u00e4vs f\u00f6r<br>att utf\u00f6ra v\u00e5ra tj\u00e4nster.<\/p>\n\n\n\n<p>Informationen kan best\u00e5 av uppgifter som du direkt eller indirekt ger till oss om dig sj\u00e4lv<br>eller ditt f\u00f6retag vid f\u00f6rfr\u00e5gningar om tj\u00e4nster vi s\u00e4ljer, vid best\u00e4llningar, vid k\u00f6p mm<\/p>\n\n\n\n<p>Informationen kan ocks\u00e5 best\u00e5 i uppgifter som vi samlar in.<\/p>\n\n\n\n<p>Informationen samlas in genom personlig kontakt, kontakt per mail eller telefon samt<br>via m\u00f6ten och m\u00e4ssor mm.<\/p>\n\n\n\n<p>V\u00e5r m\u00e5ls\u00e4ttning \u00e4r att aldrig samla in mer information \u00e4n vad vi beh\u00f6ver.<\/p>\n\n\n\n<p>Vi beh\u00e5ller din information s\u00e5 l\u00e4nge vi beh\u00f6ver den f\u00f6r det \u00e4ndam\u00e5l vi samlade in den f\u00f6r<br>eller f\u00f6r att f\u00f6lja g\u00e4llande lagstiftning.<\/p>\n\n\n\n<h2 class=\"wp-block-heading\">Syftet med insamling av personuppgifter<\/h2>\n\n\n\n<p>Vi lagrar personlig information som \u00e4r n\u00f6dv\u00e4ndig f\u00f6r att kunna fullf\u00f6lja v\u00e5ra avtal och<br>\u00e5taganden mot kunder, leverant\u00f6rer, uppdragstagare mm samt f\u00f6r att kunna leva upp till<br>f\u00f6rekommande krav enligt lag och avtal.<\/p>\n\n\n\n<p>Vi kan komma att anv\u00e4nda dina personuppgifter f\u00f6r att kommunicera relevant information<br>om p\u00e5g\u00e5ende\/avslutade uppdrag och f\u00f6r att utf\u00f6ra kundn\u00f6jdhetsunders\u00f6kningar.<\/p>\n\n\n\n<h2 class=\"wp-block-heading\">Personuppgifter f\u00f6r marknadsf\u00f6ringssyften<\/h2>\n\n\n\n<p>Vi anv\u00e4nder inte personuppgifter f\u00f6r reklammeddelanden i marknadsf\u00f6ringssyften om<br>detta inte s\u00e4rskilt \u00f6verenskommits.<\/p>\n\n\n\n<h3 class=\"wp-block-heading\">Spridning av personuppgifter till andra<\/h3>\n\n\n\n<p>Vi kan komma att dela din personliga information med f\u00f6retag som utf\u00f6r tj\u00e4nster f\u00f6r v\u00e5r<br>r\u00e4kning alternativt med tredje part i de fall det kr\u00e4vs enligt lag och avtal.<\/p>\n\n\n\n<h3 class=\"wp-block-heading\">Hur l\u00e4nge finns personuppgifterna kvar?<\/h3>\n\n\n\n<p>Vi beh\u00e5ller din information s\u00e5 l\u00e4nge vi beh\u00f6ver den f\u00f6r det \u00e4ndam\u00e5l vi samlade in den f\u00f6r<br>eller f\u00f6r att f\u00f6lja g\u00e4llande lagstiftning.<\/p>\n\n\n\n<h3 class=\"wp-block-heading\">R\u00e4ttslig grund f\u00f6r behandling av personuppgifter<\/h3>\n\n\n\n<p>Vi lagrar personlig information som \u00e4r n\u00f6dv\u00e4ndig f\u00f6r att kunna fullf\u00f6lja v\u00e5ra avtal och<br>\u00e5taganden mot kunder, leverant\u00f6rer, uppdragstagare mm samt f\u00f6r att kunna leva upp till<br>f\u00f6rekommande krav enligt lag och avtal.<\/p>\n\n\n\n<p>F\u00f6r vissa personuppgifter kr\u00e4vs samtycke fr\u00e5n dig. N\u00e4r du l\u00e4mnar ditt samtycke i dessa fall<br>kommer du alltid att f\u00e5 klar och tydlig information om vad du samtycker till.<\/p>\n\n\n\n<h3 class=\"wp-block-heading\">Skydd av dina personuppgifter<\/h3>\n\n\n\n<p>Vi vidtar rimliga legala, fysiska, tekniska och organisatoriska \u00e5tg\u00e4rder f\u00f6r att skydda dina<br>personuppgifter mot oavsiktlig eller olaglig f\u00f6rst\u00f6relse, oavsiktlig f\u00f6rlust, felaktig<br>anv\u00e4ndning, \u00e4ndring, otill\u00e5ten spridning eller \u00e5tkomst samt alla andra olagliga former av<br>bearbetning.<\/p>\n\n\n\n<p>Endast de personer som faktiskt beh\u00f6ver behandla dina personuppgifter f\u00f6r att vi ska kunna<br>uppfylla v\u00e5ra angivna \u00e4ndam\u00e5l har tillg\u00e5ng till dem.<\/p>\n\n\n\n<h3 class=\"wp-block-heading\">Cookies och sp\u00e5rningstekniker<\/h3>\n\n\n\n<p>Vi anv\u00e4nder oss f\u00f6r n\u00e4rvarande inte av cookies, externa analysverktyg eller andra<br>webtekniker f\u00f6r att sp\u00e5ra din navigering p\u00e5 v\u00e5r hemsida.<\/p>\n\n\n\n<h3 class=\"wp-block-heading\">\u00c4ndringar i dataskyddspolicyn<\/h3>\n\n\n\n<p>Vi f\u00f6rbeh\u00e5ller oss r\u00e4tten att g\u00f6ra de f\u00f6r\u00e4ndringar som vi finner n\u00f6dv\u00e4ndiga i denna policy.<br>Vid f\u00f6r\u00e4ndringar ers\u00e4tter vi befintlig policy med den uppdaterade.<\/p>\n\n\n\n<h3 class=\"wp-block-heading\">Dina r\u00e4ttigheter<\/h3>\n\n\n\n<p>Om du vill ta del av den information vi har om dig kontaktar du oss skriftligen p\u00e5 v\u00e5r adress.<br>Du kan beg\u00e4ra en kopia (registerutdrag) av de uppgifter vi har om dig en g\u00e5ng per \u00e5r.<br>Du har m\u00f6jlighet att inkomma med r\u00e4ttelser f\u00f6r att korrigera felaktig eller<br>icke-komplett uppgift om dig sj\u00e4lv.<\/p>\n\n\n\n<p>Du har ocks\u00e5 m\u00f6jlighet att beg\u00e4ra radering av dina personuppgifter f\u00f6r de fall att datan inte<br>l\u00e4ngre \u00e4r n\u00f6dv\u00e4ndig f\u00f6r det syfte den blev insamlad f\u00f6r. Det kan dock finnas legala<br>skyldigheter som hindrar oss fr\u00e5n att omedelbart radera delar av din data. Dessa skyldigheter<br>kommer fr\u00e5n bokf\u00f6rings- och skattelagstiftning.<\/p>\n\n\n\n<p>Om vi inte kan tillm\u00f6tesg\u00e5 din beg\u00e4ran om radering kommer vi ist\u00e4llet att blockera personuppgifterna fr\u00e5n att kunna anv\u00e4ndas till andra syften \u00e4n det syfte som hindar den beg\u00e4rda raderingen.<\/p>\n\n\n\n<p>Du har ocks\u00e5 r\u00e4tt att \u00e5terkalla ett samtycke om behandlingen grundar sig p\u00e5 ett samtycke.<\/p>\n\n\n\n<h2 class=\"wp-block-heading\">Personuppgiftsansvarig<\/h2>\n\n\n\n<p>KA com<br>Org.nr. 559303-1387<br>Box 2<br>691 21 Karlskoga<br>Mail: kacom@kauto.se<br>Telefon: 0586-67690<\/p>\n","protected":false},"excerpt":{"rendered":"Policyns omfattning: Denna dataskyddspolicy beskriver hur vi inom KA com samlar in, anv\u00e4nder,lagrar, delar, raderar&#8230;","protected":false},"author":1,"featured_media":131,"parent":0,"menu_order":0,"comment_status":"closed","ping_status":"closed","template":"","meta":{"footnotes":""},"class_list":["post-47","page","type-page","status-publish","has-post-thumbnail","hentry"],"yoast_head":"<!-- This site is optimized with the Yoast SEO plugin v17.5 - https:\/\/yoast.com\/wordpress\/plugins\/seo\/ -->\n<meta name=\"robots\" content=\"index, follow, max-snippet:-1, max-image-preview:large, max-video-preview:-1\" \/>\n<link rel=\"canonical\" href=\"https:\/\/kauto.se\/com\/var-policy\/\" \/>\n<meta property=\"og:locale\" content=\"sv_SE\" \/>\n<meta property=\"og:type\" content=\"article\" \/>\n<meta property=\"og:title\" content=\"V\u00e5r policy - KA com\" \/>\n<meta property=\"og:description\" content=\"Policyns omfattning: Denna dataskyddspolicy beskriver hur vi inom KA com samlar in, anv\u00e4nder,lagrar, delar, raderar...\" \/>\n<meta property=\"og:url\" content=\"https:\/\/kauto.se\/com\/var-policy\/\" \/>\n<meta property=\"og:site_name\" content=\"KA com\" \/>\n<meta property=\"article:modified_time\" content=\"2021-12-01T08:56:19+00:00\" \/>\n<meta property=\"og:image\" content=\"https:\/\/kauto.se\/com\/wp-content\/uploads\/sites\/3\/2021\/12\/policy.png\" \/>\n\t<meta property=\"og:image:width\" content=\"464\" \/>\n\t<meta property=\"og:image:height\" content=\"357\" \/>\n<meta name=\"twitter:card\" content=\"summary_large_image\" \/>\n<meta name=\"twitter:label1\" content=\"Ber\u00e4knad l\u00e4stid\" \/>\n\t<meta name=\"twitter:data1\" content=\"4 minuter\" \/>\n<script type=\"application\/ld+json\" class=\"yoast-schema-graph\">{\"@context\":\"https:\/\/schema.org\",\"@graph\":[{\"@type\":\"WebSite\",\"@id\":\"https:\/\/kauto.se\/com\/#website\",\"url\":\"https:\/\/kauto.se\/com\/\",\"name\":\"KA com\",\"description\":\"\",\"potentialAction\":[{\"@type\":\"SearchAction\",\"target\":{\"@type\":\"EntryPoint\",\"urlTemplate\":\"https:\/\/kauto.se\/com\/?s={search_term_string}\"},\"query-input\":\"required name=search_term_string\"}],\"inLanguage\":\"sv-SE\"},{\"@type\":\"ImageObject\",\"@id\":\"https:\/\/kauto.se\/com\/var-policy\/#primaryimage\",\"inLanguage\":\"sv-SE\",\"url\":\"https:\/\/kauto.se\/com\/wp-content\/uploads\/sites\/3\/2021\/12\/policy.png\",\"contentUrl\":\"https:\/\/kauto.se\/com\/wp-content\/uploads\/sites\/3\/2021\/12\/policy.png\",\"width\":464,\"height\":357},{\"@type\":\"WebPage\",\"@id\":\"https:\/\/kauto.se\/com\/var-policy\/#webpage\",\"url\":\"https:\/\/kauto.se\/com\/var-policy\/\",\"name\":\"V\\u00e5r policy - KA com\",\"isPartOf\":{\"@id\":\"https:\/\/kauto.se\/com\/#website\"},\"primaryImageOfPage\":{\"@id\":\"https:\/\/kauto.se\/com\/var-policy\/#primaryimage\"},\"datePublished\":\"2021-11-15T08:52:29+00:00\",\"dateModified\":\"2021-12-01T08:56:19+00:00\",\"breadcrumb\":{\"@id\":\"https:\/\/kauto.se\/com\/var-policy\/#breadcrumb\"},\"inLanguage\":\"sv-SE\",\"potentialAction\":[{\"@type\":\"ReadAction\",\"target\":[\"https:\/\/kauto.se\/com\/var-policy\/\"]}]},{\"@type\":\"BreadcrumbList\",\"@id\":\"https:\/\/kauto.se\/com\/var-policy\/#breadcrumb\",\"itemListElement\":[{\"@type\":\"ListItem\",\"position\":1,\"name\":\"Home\",\"item\":\"https:\/\/kauto.se\/com\/\"},{\"@type\":\"ListItem\",\"position\":2,\"name\":\"V\\u00e5r policy\"}]}]}<\/script>\n<!-- \/ Yoast SEO plugin. -->","yoast_head_json":{"robots":{"index":"index","follow":"follow","max-snippet":"max-snippet:-1","max-image-preview":"max-image-preview:large","max-video-preview":"max-video-preview:-1"},"canonical":"https:\/\/kauto.se\/com\/var-policy\/","og_locale":"sv_SE","og_type":"article","og_title":"V\u00e5r policy - KA com","og_description":"Policyns omfattning: Denna dataskyddspolicy beskriver hur vi inom KA com samlar in, anv\u00e4nder,lagrar, delar, raderar...","og_url":"https:\/\/kauto.se\/com\/var-policy\/","og_site_name":"KA com","article_modified_time":"2021-12-01T08:56:19+00:00","og_image":[{"width":464,"height":357,"url":"https:\/\/kauto.se\/com\/wp-content\/uploads\/sites\/3\/2021\/12\/policy.png","type":"image\/png"}],"twitter_card":"summary_large_image","twitter_misc":{"Ber\u00e4knad l\u00e4stid":"4 minuter"},"schema":{"@context":"https:\/\/schema.org","@graph":[{"@type":"WebSite","@id":"https:\/\/kauto.se\/com\/#website","url":"https:\/\/kauto.se\/com\/","name":"KA com","description":"","potentialAction":[{"@type":"SearchAction","target":{"@type":"EntryPoint","urlTemplate":"https:\/\/kauto.se\/com\/?s={search_term_string}"},"query-input":"required name=search_term_string"}],"inLanguage":"sv-SE"},{"@type":"ImageObject","@id":"https:\/\/kauto.se\/com\/var-policy\/#primaryimage","inLanguage":"sv-SE","url":"https:\/\/kauto.se\/com\/wp-content\/uploads\/sites\/3\/2021\/12\/policy.png","contentUrl":"https:\/\/kauto.se\/com\/wp-content\/uploads\/sites\/3\/2021\/12\/policy.png","width":464,"height":357},{"@type":"WebPage","@id":"https:\/\/kauto.se\/com\/var-policy\/#webpage","url":"https:\/\/kauto.se\/com\/var-policy\/","name":"V\u00e5r policy - KA com","isPartOf":{"@id":"https:\/\/kauto.se\/com\/#website"},"primaryImageOfPage":{"@id":"https:\/\/kauto.se\/com\/var-policy\/#primaryimage"},"datePublished":"2021-11-15T08:52:29+00:00","dateModified":"2021-12-01T08:56:19+00:00","breadcrumb":{"@id":"https:\/\/kauto.se\/com\/var-policy\/#breadcrumb"},"inLanguage":"sv-SE","potentialAction":[{"@type":"ReadAction","target":["https:\/\/kauto.se\/com\/var-policy\/"]}]},{"@type":"BreadcrumbList","@id":"https:\/\/kauto.se\/com\/var-policy\/#breadcrumb","itemListElement":[{"@type":"ListItem","position":1,"name":"Home","item":"https:\/\/kauto.se\/com\/"},{"@type":"ListItem","position":2,"name":"V\u00e5r policy"}]}]}},"_links":{"self":[{"href":"https:\/\/kauto.se\/com\/wp-json\/wp\/v2\/pages\/47","targetHints":{"allow":["GET"]}}],"collection":[{"href":"https:\/\/kauto.se\/com\/wp-json\/wp\/v2\/pages"}],"about":[{"href":"https:\/\/kauto.se\/com\/wp-json\/wp\/v2\/types\/page"}],"author":[{"embeddable":true,"href":"https:\/\/kauto.se\/com\/wp-json\/wp\/v2\/users\/1"}],"replies":[{"embeddable":true,"href":"https:\/\/kauto.se\/com\/wp-json\/wp\/v2\/comments?post=47"}],"version-history":[{"count":2,"href":"https:\/\/kauto.se\/com\/wp-json\/wp\/v2\/pages\/47\/revisions"}],"predecessor-version":[{"id":102,"href":"https:\/\/kauto.se\/com\/wp-json\/wp\/v2\/pages\/47\/revisions\/102"}],"wp:featuredmedia":[{"embeddable":true,"href":"https:\/\/kauto.se\/com\/wp-json\/wp\/v2\/media\/131"}],"wp:attachment":[{"href":"https:\/\/kauto.se\/com\/wp-json\/wp\/v2\/media?parent=47"}],"curies":[{"name":"wp","href":"https:\/\/api.w.org\/{rel}","templated":true}]}}