{"id":16,"date":"2021-10-28T09:07:00","date_gmt":"2021-10-28T07:07:00","guid":{"rendered":"https:\/\/kauto.se\/com\/?page_id=16"},"modified":"2022-11-16T09:10:21","modified_gmt":"2022-11-16T08:10:21","slug":"kontakt","status":"publish","type":"page","link":"https:\/\/kauto.se\/com\/kontakt\/","title":{"rendered":"Kontakt"},"content":{"rendered":"\n<div class=\"wp-block-columns are-vertically-aligned-center is-layout-flex wp-container-core-columns-is-layout-9d6595d7 wp-block-columns-is-layout-flex\">\n<div class=\"wp-block-column is-vertically-aligned-center is-layout-flow wp-block-column-is-layout-flow\" style=\"flex-basis:50%\">\n<div class=\"wp-block-columns is-layout-flex wp-container-core-columns-is-layout-9d6595d7 wp-block-columns-is-layout-flex\">\n<div class=\"wp-block-column is-layout-flow wp-block-column-is-layout-flow\">\n<h3 class=\"wp-block-heading\">Adress<\/h3>\n\n\n\n<p><strong>Bes\u00f6ksadress:<\/strong><br>L\u00f6darev\u00e4gen 8<br>691 37 Karlskoga<\/p>\n\n\n\n<p><strong>Postadress:<\/strong><br>Box 2<br>691&nbsp;21 Karlskoga<\/p>\n<\/div>\n\n\n\n<div class=\"wp-block-column is-layout-flow wp-block-column-is-layout-flow\">\n<h3 class=\"wp-block-heading\">Telefon<\/h3>\n\n\n\n<p> <a href=\"tel:+4658667690\">0586 \u2013 676 90<\/a> <\/p>\n\n\n\n<h3 class=\"wp-block-heading\">E-post<\/h3>\n\n\n\n<p> <a href=\"mailto:info@kauto.se\">kacom@kauto.se<\/a>  <\/p>\n<\/div>\n<\/div>\n\n\n<div class=\"ratio ratio-16x9\">\r\n  <iframe src=\"https:\/\/www.google.com\/maps\/embed?pb=!1m18!1m12!1m3!1d2035.3516670453016!2d14.478733916473441!3d59.32708241824435!2m3!1f0!2f0!3f0!3m2!1i1024!2i768!4f13.1!3m3!1m2!1s0x465c8bcdc7fcf995%3A0xd0ba163953de5182!2sKarlskoga%20Automation%20AB!5e0!3m2!1ssv!2sse!4v1635334321945!5m2!1ssv!2sse\"allowfullscreen><\/iframe>\r\n<\/div>\n<\/div>\n<\/div>\n","protected":false},"excerpt":{"rendered":"Adress Bes\u00f6ksadress:L\u00f6darev\u00e4gen 8691 37 Karlskoga Postadress:Box 2691&nbsp;21 Karlskoga Telefon 0586 \u2013 676 90 E-post kacom@kauto.se","protected":false},"author":1,"featured_media":0,"parent":0,"menu_order":0,"comment_status":"closed","ping_status":"closed","template":"","meta":{"footnotes":""},"class_list":["post-16","page","type-page","status-publish","hentry"],"yoast_head":"<!-- This site is optimized with the Yoast SEO plugin v17.5 - https:\/\/yoast.com\/wordpress\/plugins\/seo\/ -->\n<meta name=\"robots\" content=\"index, follow, max-snippet:-1, max-image-preview:large, max-video-preview:-1\" \/>\n<link rel=\"canonical\" href=\"https:\/\/kauto.se\/com\/kontakt\/\" \/>\n<meta property=\"og:locale\" content=\"sv_SE\" \/>\n<meta property=\"og:type\" content=\"article\" \/>\n<meta property=\"og:title\" content=\"Kontakt - KA com\" \/>\n<meta property=\"og:description\" content=\"Adress Bes\u00f6ksadress:L\u00f6darev\u00e4gen 8691 37 Karlskoga Postadress:Box 2691&nbsp;21 Karlskoga Telefon 0586 \u2013 676 90 E-post kacom@kauto.se\" \/>\n<meta property=\"og:url\" content=\"https:\/\/kauto.se\/com\/kontakt\/\" \/>\n<meta property=\"og:site_name\" content=\"KA com\" \/>\n<meta property=\"article:modified_time\" content=\"2022-11-16T08:10:21+00:00\" \/>\n<meta name=\"twitter:card\" content=\"summary_large_image\" \/>\n<meta name=\"twitter:label1\" content=\"Ber\u00e4knad l\u00e4stid\" \/>\n\t<meta name=\"twitter:data1\" content=\"1 minut\" \/>\n<script type=\"application\/ld+json\" class=\"yoast-schema-graph\">{\"@context\":\"https:\/\/schema.org\",\"@graph\":[{\"@type\":\"WebSite\",\"@id\":\"https:\/\/kauto.se\/com\/#website\",\"url\":\"https:\/\/kauto.se\/com\/\",\"name\":\"KA com\",\"description\":\"\",\"potentialAction\":[{\"@type\":\"SearchAction\",\"target\":{\"@type\":\"EntryPoint\",\"urlTemplate\":\"https:\/\/kauto.se\/com\/?s={search_term_string}\"},\"query-input\":\"required name=search_term_string\"}],\"inLanguage\":\"sv-SE\"},{\"@type\":\"WebPage\",\"@id\":\"https:\/\/kauto.se\/com\/kontakt\/#webpage\",\"url\":\"https:\/\/kauto.se\/com\/kontakt\/\",\"name\":\"Kontakt - KA com\",\"isPartOf\":{\"@id\":\"https:\/\/kauto.se\/com\/#website\"},\"datePublished\":\"2021-10-28T07:07:00+00:00\",\"dateModified\":\"2022-11-16T08:10:21+00:00\",\"breadcrumb\":{\"@id\":\"https:\/\/kauto.se\/com\/kontakt\/#breadcrumb\"},\"inLanguage\":\"sv-SE\",\"potentialAction\":[{\"@type\":\"ReadAction\",\"target\":[\"https:\/\/kauto.se\/com\/kontakt\/\"]}]},{\"@type\":\"BreadcrumbList\",\"@id\":\"https:\/\/kauto.se\/com\/kontakt\/#breadcrumb\",\"itemListElement\":[{\"@type\":\"ListItem\",\"position\":1,\"name\":\"Home\",\"item\":\"https:\/\/kauto.se\/com\/\"},{\"@type\":\"ListItem\",\"position\":2,\"name\":\"Kontakt\"}]}]}<\/script>\n<!-- \/ Yoast SEO plugin. -->","yoast_head_json":{"robots":{"index":"index","follow":"follow","max-snippet":"max-snippet:-1","max-image-preview":"max-image-preview:large","max-video-preview":"max-video-preview:-1"},"canonical":"https:\/\/kauto.se\/com\/kontakt\/","og_locale":"sv_SE","og_type":"article","og_title":"Kontakt - KA com","og_description":"Adress Bes\u00f6ksadress:L\u00f6darev\u00e4gen 8691 37 Karlskoga Postadress:Box 2691&nbsp;21 Karlskoga Telefon 0586 \u2013 676 90 E-post kacom@kauto.se","og_url":"https:\/\/kauto.se\/com\/kontakt\/","og_site_name":"KA com","article_modified_time":"2022-11-16T08:10:21+00:00","twitter_card":"summary_large_image","twitter_misc":{"Ber\u00e4knad l\u00e4stid":"1 minut"},"schema":{"@context":"https:\/\/schema.org","@graph":[{"@type":"WebSite","@id":"https:\/\/kauto.se\/com\/#website","url":"https:\/\/kauto.se\/com\/","name":"KA com","description":"","potentialAction":[{"@type":"SearchAction","target":{"@type":"EntryPoint","urlTemplate":"https:\/\/kauto.se\/com\/?s={search_term_string}"},"query-input":"required name=search_term_string"}],"inLanguage":"sv-SE"},{"@type":"WebPage","@id":"https:\/\/kauto.se\/com\/kontakt\/#webpage","url":"https:\/\/kauto.se\/com\/kontakt\/","name":"Kontakt - KA com","isPartOf":{"@id":"https:\/\/kauto.se\/com\/#website"},"datePublished":"2021-10-28T07:07:00+00:00","dateModified":"2022-11-16T08:10:21+00:00","breadcrumb":{"@id":"https:\/\/kauto.se\/com\/kontakt\/#breadcrumb"},"inLanguage":"sv-SE","potentialAction":[{"@type":"ReadAction","target":["https:\/\/kauto.se\/com\/kontakt\/"]}]},{"@type":"BreadcrumbList","@id":"https:\/\/kauto.se\/com\/kontakt\/#breadcrumb","itemListElement":[{"@type":"ListItem","position":1,"name":"Home","item":"https:\/\/kauto.se\/com\/"},{"@type":"ListItem","position":2,"name":"Kontakt"}]}]}},"_links":{"self":[{"href":"https:\/\/kauto.se\/com\/wp-json\/wp\/v2\/pages\/16","targetHints":{"allow":["GET"]}}],"collection":[{"href":"https:\/\/kauto.se\/com\/wp-json\/wp\/v2\/pages"}],"about":[{"href":"https:\/\/kauto.se\/com\/wp-json\/wp\/v2\/types\/page"}],"author":[{"embeddable":true,"href":"https:\/\/kauto.se\/com\/wp-json\/wp\/v2\/users\/1"}],"replies":[{"embeddable":true,"href":"https:\/\/kauto.se\/com\/wp-json\/wp\/v2\/comments?post=16"}],"version-history":[{"count":5,"href":"https:\/\/kauto.se\/com\/wp-json\/wp\/v2\/pages\/16\/revisions"}],"predecessor-version":[{"id":170,"href":"https:\/\/kauto.se\/com\/wp-json\/wp\/v2\/pages\/16\/revisions\/170"}],"wp:attachment":[{"href":"https:\/\/kauto.se\/com\/wp-json\/wp\/v2\/media?parent=16"}],"curies":[{"name":"wp","href":"https:\/\/api.w.org\/{rel}","templated":true}]}}