{"id":11,"date":"2021-10-28T08:58:41","date_gmt":"2021-10-28T06:58:41","guid":{"rendered":"https:\/\/kauto.se\/com\/?page_id=11"},"modified":"2022-11-02T13:15:49","modified_gmt":"2022-11-02T12:15:49","slug":"ka-com-2","status":"publish","type":"page","link":"https:\/\/kauto.se\/com\/","title":{"rendered":"KA com"},"content":{"rendered":"\n<div class=\"wp-block-group alignfull particles\"><div class=\"wp-block-group__inner-container is-layout-flow wp-block-group-is-layout-flow\">\n<div class=\"wp-block-group alignwide\"><div class=\"wp-block-group__inner-container is-layout-flow wp-block-group-is-layout-flow\">\n<h1 class=\"has-text-align-center wp-block-heading\">N\u00e4r samverkan mellan m\u00e4nniska och maskin \u00e4r som b\u00e4st<\/h1>\n\n\n\n<p class=\"has-text-align-center\">Vi levererar den kompletta systeml\u00f6sningen och \u00e4r er industripartner tillsammans med<br><a href=\"http:\/\/kauto.se\/automation\"><span class=\"has-inline-color has-lightgrey-color\">KA automation<\/span><\/a><span class=\"has-inline-color has-lightgrey-color\">, <\/span><a href=\"http:\/\/www.neurolearn.se\"><span class=\"has-inline-color has-lightgrey-color\">Neurolearn<\/span> <\/a>och  <a href=\"https:\/\/kauto.se\/etab\/\"><span class=\"has-inline-color has-lightgrey-color\">Etab<\/span><\/a>.<\/p>\n\n\n\n<div style=\"height:20px\" aria-hidden=\"true\" class=\"wp-block-spacer\"><\/div>\n\n\n\n<div class=\"wp-block-buttons is-content-justification-center is-layout-flex wp-block-buttons-is-layout-flex\">\n<div class=\"wp-block-button is-style-outline is-style-outline--1\"><a class=\"wp-block-button__link has-white-color has-white-background-color has-text-color has-background\" href=\"https:\/\/kauto.se\/com\/category\/news\/\">Senaste nyheter<\/a><\/div>\n<\/div>\n<\/div><\/div>\n<\/div><\/div>\n\n\n\n<div class=\"wp-block-group alignfull has-lightgrey-background-color has-background\"><div class=\"wp-block-group__inner-container is-layout-flow wp-block-group-is-layout-flow\">\n<div class=\"wp-block-columns alignwide are-vertically-aligned-center border-center is-layout-flex wp-container-core-columns-is-layout-9d6595d7 wp-block-columns-is-layout-flex\">\n<div class=\"wp-block-column is-vertically-aligned-center is-layout-flow wp-block-column-is-layout-flow\">\n<div class=\"wp-block-media-text alignwide has-media-on-the-right\" style=\"grid-template-columns:auto 20%\"><figure class=\"wp-block-media-text__media\"><img decoding=\"async\" src=\"https:\/\/kauto.se\/automation\/wp-content\/uploads\/sites\/2\/2021\/10\/KA.svg\" alt=\"\" class=\"wp-image-20 size-full\"\/><\/figure><div class=\"wp-block-media-text__content\">\n<p class=\"has-text-align-right mb-0 has-kwb-xlarge-font-size\">V\u00e4lkommen till<\/p>\n<\/div><\/div>\n<\/div>\n\n\n\n<div class=\"wp-block-column is-vertically-aligned-center is-layout-flow wp-block-column-is-layout-flow\">\n<p class=\"mb-0\">KA com skapar effektivare processer inom alla applicerbara led inom en verksamhet och d\u00e4rmed f\u00f6rb\u00e4ttrad l\u00f6nsamhet och konkurrenskraft. Nyckelord: AI, Industri-IT, 5G, IIoT, Industri 4.0, BigData<\/p>\n<\/div>\n<\/div>\n<\/div><\/div>\n\n\n\n<div style=\"height:100px\" aria-hidden=\"true\" class=\"wp-block-spacer\"><\/div>\n\n\n\n<div class=\"wp-block-columns alignwide is-layout-flex wp-container-core-columns-is-layout-9d6595d7 wp-block-columns-is-layout-flex\">\n<div class=\"wp-block-column is-layout-flow wp-block-column-is-layout-flow\" style=\"flex-basis:30%\">\n<h2 class=\"wp-block-heading\">V\u00e5ra tj\u00e4nster<\/h2>\n\n\n\n<p>Tillsammans med KA automation , Etab Data och Neurolearn konstruerar vi inte bara nya anl\u00e4ggningar. Vi utf\u00f6r \u00e4ven ombyggnationer, modifieringar och effektiviseringar av befintliga anl\u00e4ggningar och utf\u00f6r support samt underh\u00e5ll av dessa. H\u00e4r \u00e4r en summering p\u00e5 alla tj\u00e4nster som KA com erbjuder.<\/p>\n<\/div>\n\n\n\n<div class=\"wp-block-column is-layout-flow wp-block-column-is-layout-flow\" style=\"flex-basis:70%\"><div id=\"servicesCarousel\" class=\"carousel slide carousel-multiple\" >\r\n            <div class=\"carousel-inner\" role=\"listbox\"><div class=\"carousel-item active\">\r\n        <div class=\"col-md-6 px-2\">\r\n          <div class=\"border p-5\">\r\n            <div class=\"icon mb-3\"><i class=\"text-red fas fa-microchip font-size-xl\"><\/i><\/div>\r\n            <h4>Programmering<\/h4>\r\n            <p>KA com har erfarna programmerare som utvecklar kundanpassade system, tex databehandling, processstyrning, datainsamling, etc.\r\nC# och SQL \u00e4r vanligast men andra programmeringsspr\u00e5k beh\u00e4rskas ocks\u00e5. Programmering utf\u00f6rs i Windows- och Linux-milj\u00f6. Med hj\u00e4lp av Neurolearn beh\u00e4rskar vi ocks\u00e5 AI-programmering.<\/p>\r\n            <a href=\"https:\/\/kauto.se\/com\/services\/programmering\/\" class=\"link-arrow\">L\u00e4s mer<i class=\"fas fa-chevron-right\"><\/i><i class=\"fas fa-chevron-right\"><\/i><\/a>\r\n          <\/div>\r\n        <\/div>\r\n    <\/div><div class=\"carousel-item \">\r\n        <div class=\"col-md-6 px-2\">\r\n          <div class=\"border p-5\">\r\n            <div class=\"icon mb-3\"><i class=\"text-red fas fa-server font-size-xl\"><\/i><\/div>\r\n            <h4>Industri-IT<\/h4>\r\n            <p>KA com tillhandah\u00e5ller datorer\/servrar med all kringutrustning samt programmering av skr\u00e4ddarsydda system.<\/p>\r\n            <a href=\"https:\/\/kauto.se\/com\/services\/industri-it\/\" class=\"link-arrow\">L\u00e4s mer<i class=\"fas fa-chevron-right\"><\/i><i class=\"fas fa-chevron-right\"><\/i><\/a>\r\n          <\/div>\r\n        <\/div>\r\n    <\/div><div class=\"carousel-item \">\r\n        <div class=\"col-md-6 px-2\">\r\n          <div class=\"border p-5\">\r\n            <div class=\"icon mb-3\"><i class=\"text-red fas fa-random font-size-xl\"><\/i><\/div>\r\n            <h4>iIoT<\/h4>\r\n            <p>KA com utvecklar l\u00f6sningar som inneh\u00e5ller IoT.<\/p>\r\n            <a href=\"https:\/\/kauto.se\/com\/services\/iiot\/\" class=\"link-arrow\">L\u00e4s mer<i class=\"fas fa-chevron-right\"><\/i><i class=\"fas fa-chevron-right\"><\/i><\/a>\r\n          <\/div>\r\n        <\/div>\r\n    <\/div><div class=\"carousel-item \">\r\n        <div class=\"col-md-6 px-2\">\r\n          <div class=\"border p-5\">\r\n            <div class=\"icon mb-3\"><i class=\"text-red fas fa-signal font-size-xl\"><\/i><\/div>\r\n            <h4>5G<\/h4>\r\n            <p>KA com konstruerar l\u00f6sningar med 5:e generationens mobiln\u00e4t vilket inneb\u00e4r snabbare tr\u00e5dl\u00f6s kommunikation mellan maskiner och olika perifiera enheter.<\/p>\r\n            <a href=\"https:\/\/kauto.se\/com\/services\/5g\/\" class=\"link-arrow\">L\u00e4s mer<i class=\"fas fa-chevron-right\"><\/i><i class=\"fas fa-chevron-right\"><\/i><\/a>\r\n          <\/div>\r\n        <\/div>\r\n    <\/div>\r\n            <\/div>\r\n            <a class=\"carousel-control-prev bg-transparent w-aut\" href=\"#servicesCarousel\" role=\"button\" data-bs-slide=\"prev\">\r\n                <i class=\"fas fa-chevron-left\"><\/i>\r\n            <\/a>\r\n            <a class=\"carousel-control-next bg-transparent w-aut\" href=\"#servicesCarousel\" role=\"button\" data-bs-slide=\"next\">\r\n                <i class=\"fas fa-chevron-right\"><\/i>\r\n            <\/a>\r\n        <\/div>\n<\/div>\n<\/div>\n\n\n\n<div style=\"height:50px\" aria-hidden=\"true\" class=\"wp-block-spacer\"><\/div>\n\n\n\n<div class=\"wp-block-group\"><div class=\"wp-block-group__inner-container is-layout-flow wp-block-group-is-layout-flow\"><div class=\"news-sc mb-4 row justify-content-center\"><\/div>\n<\/div><\/div>\n\n\n\n<p><\/p>\n","protected":false},"excerpt":{"rendered":"N\u00e4r samverkan mellan m\u00e4nniska och maskin \u00e4r som b\u00e4st Vi levererar den kompletta systeml\u00f6sningen och&#8230;","protected":false},"author":1,"featured_media":0,"parent":0,"menu_order":0,"comment_status":"closed","ping_status":"closed","template":"","meta":{"footnotes":""},"class_list":["post-11","page","type-page","status-publish","hentry"],"yoast_head":"<!-- This site is optimized with the Yoast SEO plugin v17.5 - https:\/\/yoast.com\/wordpress\/plugins\/seo\/ -->\n<meta name=\"robots\" content=\"index, follow, max-snippet:-1, max-image-preview:large, max-video-preview:-1\" \/>\n<link rel=\"canonical\" href=\"https:\/\/kauto.se\/com\/\" \/>\n<meta property=\"og:locale\" content=\"sv_SE\" \/>\n<meta property=\"og:type\" content=\"article\" \/>\n<meta property=\"og:title\" content=\"KA com - KA com\" \/>\n<meta property=\"og:description\" content=\"N\u00e4r samverkan mellan m\u00e4nniska och maskin \u00e4r som b\u00e4st Vi levererar den kompletta systeml\u00f6sningen och...\" \/>\n<meta property=\"og:url\" content=\"https:\/\/kauto.se\/com\/\" \/>\n<meta property=\"og:site_name\" content=\"KA com\" \/>\n<meta property=\"article:modified_time\" content=\"2022-11-02T12:15:49+00:00\" \/>\n<meta property=\"og:image\" content=\"https:\/\/kauto.se\/automation\/wp-content\/uploads\/sites\/2\/2021\/10\/KA.svg\" \/>\n<meta name=\"twitter:card\" content=\"summary_large_image\" \/>\n<meta name=\"twitter:label1\" content=\"Ber\u00e4knad l\u00e4stid\" \/>\n\t<meta name=\"twitter:data1\" content=\"1 minut\" \/>\n<script type=\"application\/ld+json\" class=\"yoast-schema-graph\">{\"@context\":\"https:\/\/schema.org\",\"@graph\":[{\"@type\":\"WebSite\",\"@id\":\"https:\/\/kauto.se\/com\/#website\",\"url\":\"https:\/\/kauto.se\/com\/\",\"name\":\"KA com\",\"description\":\"\",\"potentialAction\":[{\"@type\":\"SearchAction\",\"target\":{\"@type\":\"EntryPoint\",\"urlTemplate\":\"https:\/\/kauto.se\/com\/?s={search_term_string}\"},\"query-input\":\"required name=search_term_string\"}],\"inLanguage\":\"sv-SE\"},{\"@type\":\"ImageObject\",\"@id\":\"https:\/\/kauto.se\/com\/#primaryimage\",\"inLanguage\":\"sv-SE\",\"url\":\"https:\/\/kauto.se\/automation\/wp-content\/uploads\/sites\/2\/2021\/10\/KA.svg\",\"contentUrl\":\"https:\/\/kauto.se\/automation\/wp-content\/uploads\/sites\/2\/2021\/10\/KA.svg\"},{\"@type\":\"WebPage\",\"@id\":\"https:\/\/kauto.se\/com\/#webpage\",\"url\":\"https:\/\/kauto.se\/com\/\",\"name\":\"KA com - KA com\",\"isPartOf\":{\"@id\":\"https:\/\/kauto.se\/com\/#website\"},\"primaryImageOfPage\":{\"@id\":\"https:\/\/kauto.se\/com\/#primaryimage\"},\"datePublished\":\"2021-10-28T06:58:41+00:00\",\"dateModified\":\"2022-11-02T12:15:49+00:00\",\"breadcrumb\":{\"@id\":\"https:\/\/kauto.se\/com\/#breadcrumb\"},\"inLanguage\":\"sv-SE\",\"potentialAction\":[{\"@type\":\"ReadAction\",\"target\":[\"https:\/\/kauto.se\/com\/\"]}]},{\"@type\":\"BreadcrumbList\",\"@id\":\"https:\/\/kauto.se\/com\/#breadcrumb\",\"itemListElement\":[{\"@type\":\"ListItem\",\"position\":1,\"name\":\"Home\",\"item\":\"https:\/\/kauto.se\/com\/\"},{\"@type\":\"ListItem\",\"position\":2,\"name\":\"KA com\"}]}]}<\/script>\n<!-- \/ Yoast SEO plugin. -->","yoast_head_json":{"robots":{"index":"index","follow":"follow","max-snippet":"max-snippet:-1","max-image-preview":"max-image-preview:large","max-video-preview":"max-video-preview:-1"},"canonical":"https:\/\/kauto.se\/com\/","og_locale":"sv_SE","og_type":"article","og_title":"KA com - KA com","og_description":"N\u00e4r samverkan mellan m\u00e4nniska och maskin \u00e4r som b\u00e4st Vi levererar den kompletta systeml\u00f6sningen och...","og_url":"https:\/\/kauto.se\/com\/","og_site_name":"KA com","article_modified_time":"2022-11-02T12:15:49+00:00","og_image":[{"url":"https:\/\/kauto.se\/automation\/wp-content\/uploads\/sites\/2\/2021\/10\/KA.svg"}],"twitter_card":"summary_large_image","twitter_misc":{"Ber\u00e4knad l\u00e4stid":"1 minut"},"schema":{"@context":"https:\/\/schema.org","@graph":[{"@type":"WebSite","@id":"https:\/\/kauto.se\/com\/#website","url":"https:\/\/kauto.se\/com\/","name":"KA com","description":"","potentialAction":[{"@type":"SearchAction","target":{"@type":"EntryPoint","urlTemplate":"https:\/\/kauto.se\/com\/?s={search_term_string}"},"query-input":"required name=search_term_string"}],"inLanguage":"sv-SE"},{"@type":"ImageObject","@id":"https:\/\/kauto.se\/com\/#primaryimage","inLanguage":"sv-SE","url":"https:\/\/kauto.se\/automation\/wp-content\/uploads\/sites\/2\/2021\/10\/KA.svg","contentUrl":"https:\/\/kauto.se\/automation\/wp-content\/uploads\/sites\/2\/2021\/10\/KA.svg"},{"@type":"WebPage","@id":"https:\/\/kauto.se\/com\/#webpage","url":"https:\/\/kauto.se\/com\/","name":"KA com - KA com","isPartOf":{"@id":"https:\/\/kauto.se\/com\/#website"},"primaryImageOfPage":{"@id":"https:\/\/kauto.se\/com\/#primaryimage"},"datePublished":"2021-10-28T06:58:41+00:00","dateModified":"2022-11-02T12:15:49+00:00","breadcrumb":{"@id":"https:\/\/kauto.se\/com\/#breadcrumb"},"inLanguage":"sv-SE","potentialAction":[{"@type":"ReadAction","target":["https:\/\/kauto.se\/com\/"]}]},{"@type":"BreadcrumbList","@id":"https:\/\/kauto.se\/com\/#breadcrumb","itemListElement":[{"@type":"ListItem","position":1,"name":"Home","item":"https:\/\/kauto.se\/com\/"},{"@type":"ListItem","position":2,"name":"KA com"}]}]}},"_links":{"self":[{"href":"https:\/\/kauto.se\/com\/wp-json\/wp\/v2\/pages\/11","targetHints":{"allow":["GET"]}}],"collection":[{"href":"https:\/\/kauto.se\/com\/wp-json\/wp\/v2\/pages"}],"about":[{"href":"https:\/\/kauto.se\/com\/wp-json\/wp\/v2\/types\/page"}],"author":[{"embeddable":true,"href":"https:\/\/kauto.se\/com\/wp-json\/wp\/v2\/users\/1"}],"replies":[{"embeddable":true,"href":"https:\/\/kauto.se\/com\/wp-json\/wp\/v2\/comments?post=11"}],"version-history":[{"count":28,"href":"https:\/\/kauto.se\/com\/wp-json\/wp\/v2\/pages\/11\/revisions"}],"predecessor-version":[{"id":167,"href":"https:\/\/kauto.se\/com\/wp-json\/wp\/v2\/pages\/11\/revisions\/167"}],"wp:attachment":[{"href":"https:\/\/kauto.se\/com\/wp-json\/wp\/v2\/media?parent=11"}],"curies":[{"name":"wp","href":"https:\/\/api.w.org\/{rel}","templated":true}]}}