{"id":79,"date":"2021-10-22T13:01:49","date_gmt":"2021-10-22T11:01:49","guid":{"rendered":"https:\/\/kauto.se\/automation\/?page_id=79"},"modified":"2021-12-01T07:46:11","modified_gmt":"2021-12-01T06:46:11","slug":"hallbarhet","status":"publish","type":"page","link":"https:\/\/kauto.se\/automation\/hallbarhet\/","title":{"rendered":"H\u00e5llbarhet"},"content":{"rendered":"\n<figure class=\"wp-block-table is-style-single-stripe\"><table><tbody><tr><td><strong>Fokusomr\u00e5den<\/strong><\/td><td><strong>Inriktningsm\u00e5l<\/strong><\/td><td><strong>FN:s globala h\u00e5llbarhetsm\u00e5l<\/strong><\/td><\/tr><tr><td>Ansvarsfulla aff\u00e4rer<\/td><td>\u2013 Etiska aff\u00e4rer genom tydliga principer<br>\u2013 Nolltolerans mot korruption<br>\u2013 Ansvarsfull leverant\u00f6rskedja<br>\u2013 H\u00f6g niv\u00e5 p\u00e5 informationss\u00e4kerhet<\/td><td>M\u00e5l 8: h\u00e5llbar ekonomisk tillv\u00e4xt, anst\u00e4ndiga arbetsvillkor<\/td><\/tr><tr><td>Minska milj\u00f6p\u00e5verkan<\/td><td>\u2013 Minska energi och materialkonsumtion under produktlivscykeln<br>\u2013 Skapa konkurrensf\u00f6rdelar genom h\u00e5llbar tillv\u00e4xt<br>\u2013 Minska koldioxidutsl\u00e4pp<br>\u2013 Effektivisera avfallshantering<\/td><td>M\u00e5l 12: h\u00e5llbara produktions- och konsumtionsm\u00f6nster<\/td><\/tr><tr><td>Socialt ansvarstagande<\/td><td>\u2013 Vara en attraktiv arbetsgivare<br>\u2013 Skapa en olycksfri arbetsplats<br>\u2013 Minimera oh\u00e4lsa<br>\u2013 \u00d6ka m\u00e5ngfald och j\u00e4mst\u00e4lldhet<br>\u2013 Bidra till h\u00e5llbara lokalsamh\u00e4llen<\/td><td>M\u00e5l 8: h\u00e5llbar ekonomisk tillv\u00e4xt, anst\u00e4ndiga arbetsvillkor<\/td><\/tr><tr><td>M\u00f6jligg\u00f6ra utveckling och innovation<\/td><td>\u2013 Se m\u00f6jligheter i tj\u00e4nsteinnovation<br>\u2013 Engagera personal och skola i arbetet med framtidens arbetsplats<br>\u2013 Skapa f\u00f6ruts\u00e4ttningar f\u00f6r milj\u00f6v\u00e4nligare produkter<br>\u2013 M\u00f6jligg\u00f6ra en framtid med h\u00e5llbara komponenter<\/td><td>M\u00e5l 9: inkluderande och h\u00e5llbar industrialisering och fr\u00e4mja innovation<\/td><\/tr><\/tbody><\/table><\/figure>\n","protected":false},"excerpt":{"rendered":"Fokusomr\u00e5den Inriktningsm\u00e5l FN:s globala h\u00e5llbarhetsm\u00e5l Ansvarsfulla aff\u00e4rer \u2013 Etiska aff\u00e4rer genom tydliga principer\u2013 Nolltolerans mot&#8230;","protected":false},"author":1,"featured_media":292,"parent":0,"menu_order":0,"comment_status":"closed","ping_status":"closed","template":"page-narrow.php","meta":{"footnotes":""},"class_list":["post-79","page","type-page","status-publish","has-post-thumbnail","hentry"],"yoast_head":"<!-- This site is optimized with the Yoast SEO plugin v17.5 - https:\/\/yoast.com\/wordpress\/plugins\/seo\/ -->\n<meta name=\"robots\" content=\"index, follow, max-snippet:-1, max-image-preview:large, max-video-preview:-1\" \/>\n<link rel=\"canonical\" href=\"https:\/\/kauto.se\/automation\/hallbarhet\/\" \/>\n<meta property=\"og:locale\" content=\"sv_SE\" \/>\n<meta property=\"og:type\" content=\"article\" \/>\n<meta property=\"og:title\" content=\"H\u00e5llbarhet - KA Automation\" \/>\n<meta property=\"og:description\" content=\"Fokusomr\u00e5den Inriktningsm\u00e5l FN:s globala h\u00e5llbarhetsm\u00e5l Ansvarsfulla aff\u00e4rer \u2013 Etiska aff\u00e4rer genom tydliga principer\u2013 Nolltolerans mot...\" \/>\n<meta property=\"og:url\" content=\"https:\/\/kauto.se\/automation\/hallbarhet\/\" \/>\n<meta property=\"og:site_name\" content=\"KA Automation\" \/>\n<meta property=\"article:modified_time\" content=\"2021-12-01T06:46:11+00:00\" \/>\n<meta property=\"og:image\" content=\"https:\/\/kauto.se\/automation\/wp-content\/uploads\/sites\/2\/2021\/12\/hallbarhet.png\" \/>\n\t<meta property=\"og:image:width\" content=\"960\" \/>\n\t<meta property=\"og:image:height\" content=\"639\" \/>\n<meta name=\"twitter:card\" content=\"summary_large_image\" \/>\n<meta name=\"twitter:label1\" content=\"Ber\u00e4knad l\u00e4stid\" \/>\n\t<meta name=\"twitter:data1\" content=\"1 minut\" \/>\n<script type=\"application\/ld+json\" class=\"yoast-schema-graph\">{\"@context\":\"https:\/\/schema.org\",\"@graph\":[{\"@type\":\"WebSite\",\"@id\":\"https:\/\/kauto.se\/automation\/#website\",\"url\":\"https:\/\/kauto.se\/automation\/\",\"name\":\"KA Automation\",\"description\":\"\",\"potentialAction\":[{\"@type\":\"SearchAction\",\"target\":{\"@type\":\"EntryPoint\",\"urlTemplate\":\"https:\/\/kauto.se\/automation\/?s={search_term_string}\"},\"query-input\":\"required name=search_term_string\"}],\"inLanguage\":\"sv-SE\"},{\"@type\":\"ImageObject\",\"@id\":\"https:\/\/kauto.se\/automation\/hallbarhet\/#primaryimage\",\"inLanguage\":\"sv-SE\",\"url\":\"https:\/\/kauto.se\/automation\/wp-content\/uploads\/sites\/2\/2021\/12\/hallbarhet.png\",\"contentUrl\":\"https:\/\/kauto.se\/automation\/wp-content\/uploads\/sites\/2\/2021\/12\/hallbarhet.png\",\"width\":960,\"height\":639},{\"@type\":\"WebPage\",\"@id\":\"https:\/\/kauto.se\/automation\/hallbarhet\/#webpage\",\"url\":\"https:\/\/kauto.se\/automation\/hallbarhet\/\",\"name\":\"H\\u00e5llbarhet - KA Automation\",\"isPartOf\":{\"@id\":\"https:\/\/kauto.se\/automation\/#website\"},\"primaryImageOfPage\":{\"@id\":\"https:\/\/kauto.se\/automation\/hallbarhet\/#primaryimage\"},\"datePublished\":\"2021-10-22T11:01:49+00:00\",\"dateModified\":\"2021-12-01T06:46:11+00:00\",\"breadcrumb\":{\"@id\":\"https:\/\/kauto.se\/automation\/hallbarhet\/#breadcrumb\"},\"inLanguage\":\"sv-SE\",\"potentialAction\":[{\"@type\":\"ReadAction\",\"target\":[\"https:\/\/kauto.se\/automation\/hallbarhet\/\"]}]},{\"@type\":\"BreadcrumbList\",\"@id\":\"https:\/\/kauto.se\/automation\/hallbarhet\/#breadcrumb\",\"itemListElement\":[{\"@type\":\"ListItem\",\"position\":1,\"name\":\"Home\",\"item\":\"https:\/\/kauto.se\/automation\/\"},{\"@type\":\"ListItem\",\"position\":2,\"name\":\"H\\u00e5llbarhet\"}]}]}<\/script>\n<!-- \/ Yoast SEO plugin. -->","yoast_head_json":{"robots":{"index":"index","follow":"follow","max-snippet":"max-snippet:-1","max-image-preview":"max-image-preview:large","max-video-preview":"max-video-preview:-1"},"canonical":"https:\/\/kauto.se\/automation\/hallbarhet\/","og_locale":"sv_SE","og_type":"article","og_title":"H\u00e5llbarhet - KA Automation","og_description":"Fokusomr\u00e5den Inriktningsm\u00e5l FN:s globala h\u00e5llbarhetsm\u00e5l Ansvarsfulla aff\u00e4rer \u2013 Etiska aff\u00e4rer genom tydliga principer\u2013 Nolltolerans mot...","og_url":"https:\/\/kauto.se\/automation\/hallbarhet\/","og_site_name":"KA Automation","article_modified_time":"2021-12-01T06:46:11+00:00","og_image":[{"width":960,"height":639,"url":"https:\/\/kauto.se\/automation\/wp-content\/uploads\/sites\/2\/2021\/12\/hallbarhet.png","type":"image\/png"}],"twitter_card":"summary_large_image","twitter_misc":{"Ber\u00e4knad l\u00e4stid":"1 minut"},"schema":{"@context":"https:\/\/schema.org","@graph":[{"@type":"WebSite","@id":"https:\/\/kauto.se\/automation\/#website","url":"https:\/\/kauto.se\/automation\/","name":"KA Automation","description":"","potentialAction":[{"@type":"SearchAction","target":{"@type":"EntryPoint","urlTemplate":"https:\/\/kauto.se\/automation\/?s={search_term_string}"},"query-input":"required name=search_term_string"}],"inLanguage":"sv-SE"},{"@type":"ImageObject","@id":"https:\/\/kauto.se\/automation\/hallbarhet\/#primaryimage","inLanguage":"sv-SE","url":"https:\/\/kauto.se\/automation\/wp-content\/uploads\/sites\/2\/2021\/12\/hallbarhet.png","contentUrl":"https:\/\/kauto.se\/automation\/wp-content\/uploads\/sites\/2\/2021\/12\/hallbarhet.png","width":960,"height":639},{"@type":"WebPage","@id":"https:\/\/kauto.se\/automation\/hallbarhet\/#webpage","url":"https:\/\/kauto.se\/automation\/hallbarhet\/","name":"H\u00e5llbarhet - KA Automation","isPartOf":{"@id":"https:\/\/kauto.se\/automation\/#website"},"primaryImageOfPage":{"@id":"https:\/\/kauto.se\/automation\/hallbarhet\/#primaryimage"},"datePublished":"2021-10-22T11:01:49+00:00","dateModified":"2021-12-01T06:46:11+00:00","breadcrumb":{"@id":"https:\/\/kauto.se\/automation\/hallbarhet\/#breadcrumb"},"inLanguage":"sv-SE","potentialAction":[{"@type":"ReadAction","target":["https:\/\/kauto.se\/automation\/hallbarhet\/"]}]},{"@type":"BreadcrumbList","@id":"https:\/\/kauto.se\/automation\/hallbarhet\/#breadcrumb","itemListElement":[{"@type":"ListItem","position":1,"name":"Home","item":"https:\/\/kauto.se\/automation\/"},{"@type":"ListItem","position":2,"name":"H\u00e5llbarhet"}]}]}},"_links":{"self":[{"href":"https:\/\/kauto.se\/automation\/wp-json\/wp\/v2\/pages\/79","targetHints":{"allow":["GET"]}}],"collection":[{"href":"https:\/\/kauto.se\/automation\/wp-json\/wp\/v2\/pages"}],"about":[{"href":"https:\/\/kauto.se\/automation\/wp-json\/wp\/v2\/types\/page"}],"author":[{"embeddable":true,"href":"https:\/\/kauto.se\/automation\/wp-json\/wp\/v2\/users\/1"}],"replies":[{"embeddable":true,"href":"https:\/\/kauto.se\/automation\/wp-json\/wp\/v2\/comments?post=79"}],"version-history":[{"count":5,"href":"https:\/\/kauto.se\/automation\/wp-json\/wp\/v2\/pages\/79\/revisions"}],"predecessor-version":[{"id":261,"href":"https:\/\/kauto.se\/automation\/wp-json\/wp\/v2\/pages\/79\/revisions\/261"}],"wp:featuredmedia":[{"embeddable":true,"href":"https:\/\/kauto.se\/automation\/wp-json\/wp\/v2\/media\/292"}],"wp:attachment":[{"href":"https:\/\/kauto.se\/automation\/wp-json\/wp\/v2\/media?parent=79"}],"curies":[{"name":"wp","href":"https:\/\/api.w.org\/{rel}","templated":true}]}}