{"id":71,"date":"2021-10-22T12:15:58","date_gmt":"2021-10-22T10:15:58","guid":{"rendered":"https:\/\/kauto.se\/automation\/?page_id=71"},"modified":"2021-12-01T12:11:50","modified_gmt":"2021-12-01T11:11:50","slug":"energi","status":"publish","type":"page","link":"https:\/\/kauto.se\/automation\/energi\/","title":{"rendered":"Energi"},"content":{"rendered":"\n<div class=\"wp-block-image\"><figure class=\"aligncenter size-full\"><img loading=\"lazy\" decoding=\"async\" width=\"520\" height=\"300\" src=\"https:\/\/kauto.se\/automation\/wp-content\/uploads\/sites\/2\/2021\/11\/energi.jpg\" alt=\"\" class=\"wp-image-213\" srcset=\"https:\/\/kauto.se\/automation\/wp-content\/uploads\/sites\/2\/2021\/11\/energi.jpg 520w, https:\/\/kauto.se\/automation\/wp-content\/uploads\/sites\/2\/2021\/11\/energi-500x288.webp 500w\" sizes=\"auto, (max-width: 520px) 100vw, 520px\" \/><\/figure><\/div>\n\n\n\n<div style=\"height:50px\" aria-hidden=\"true\" class=\"wp-block-spacer\"><\/div>\n\n\n\n<p>KA automation arbetar med v\u00e4rmekraftverk och panncentraler d\u00e4r fokus ligger p\u00e5 elkonstruktion, utveckling av styrsystem, programmering samt drifts\u00e4ttning. Vi erbjuder \u00e4ven avhj\u00e4lpande support genom distansuppkoppling eller p\u00e5 plats..<\/p>\n","protected":false},"excerpt":{"rendered":"KA automation arbetar med v\u00e4rmekraftverk och panncentraler d\u00e4r fokus ligger p\u00e5 elkonstruktion, utveckling av styrsystem,&#8230;","protected":false},"author":1,"featured_media":0,"parent":0,"menu_order":0,"comment_status":"closed","ping_status":"closed","template":"page-narrow.php","meta":{"footnotes":""},"class_list":["post-71","page","type-page","status-publish","hentry"],"yoast_head":"<!-- This site is optimized with the Yoast SEO plugin v17.5 - https:\/\/yoast.com\/wordpress\/plugins\/seo\/ -->\n<meta name=\"robots\" content=\"index, follow, max-snippet:-1, max-image-preview:large, max-video-preview:-1\" \/>\n<link rel=\"canonical\" href=\"https:\/\/kauto.se\/automation\/energi\/\" \/>\n<meta property=\"og:locale\" content=\"sv_SE\" \/>\n<meta property=\"og:type\" content=\"article\" \/>\n<meta property=\"og:title\" content=\"Energi - KA Automation\" \/>\n<meta property=\"og:description\" content=\"KA automation arbetar med v\u00e4rmekraftverk och panncentraler d\u00e4r fokus ligger p\u00e5 elkonstruktion, utveckling av styrsystem,...\" \/>\n<meta property=\"og:url\" content=\"https:\/\/kauto.se\/automation\/energi\/\" \/>\n<meta property=\"og:site_name\" content=\"KA Automation\" \/>\n<meta property=\"article:modified_time\" content=\"2021-12-01T11:11:50+00:00\" \/>\n<meta property=\"og:image\" content=\"https:\/\/kauto.se\/automation\/wp-content\/uploads\/sites\/2\/2021\/11\/energi.jpg\" \/>\n<meta name=\"twitter:card\" content=\"summary_large_image\" \/>\n<meta name=\"twitter:label1\" content=\"Ber\u00e4knad l\u00e4stid\" \/>\n\t<meta name=\"twitter:data1\" content=\"1 minut\" \/>\n<script type=\"application\/ld+json\" class=\"yoast-schema-graph\">{\"@context\":\"https:\/\/schema.org\",\"@graph\":[{\"@type\":\"WebSite\",\"@id\":\"https:\/\/kauto.se\/automation\/#website\",\"url\":\"https:\/\/kauto.se\/automation\/\",\"name\":\"KA Automation\",\"description\":\"\",\"potentialAction\":[{\"@type\":\"SearchAction\",\"target\":{\"@type\":\"EntryPoint\",\"urlTemplate\":\"https:\/\/kauto.se\/automation\/?s={search_term_string}\"},\"query-input\":\"required name=search_term_string\"}],\"inLanguage\":\"sv-SE\"},{\"@type\":\"ImageObject\",\"@id\":\"https:\/\/kauto.se\/automation\/energi\/#primaryimage\",\"inLanguage\":\"sv-SE\",\"url\":\"https:\/\/kauto.se\/automation\/wp-content\/uploads\/sites\/2\/2021\/11\/energi.jpg\",\"contentUrl\":\"https:\/\/kauto.se\/automation\/wp-content\/uploads\/sites\/2\/2021\/11\/energi.jpg\",\"width\":520,\"height\":300},{\"@type\":\"WebPage\",\"@id\":\"https:\/\/kauto.se\/automation\/energi\/#webpage\",\"url\":\"https:\/\/kauto.se\/automation\/energi\/\",\"name\":\"Energi - KA Automation\",\"isPartOf\":{\"@id\":\"https:\/\/kauto.se\/automation\/#website\"},\"primaryImageOfPage\":{\"@id\":\"https:\/\/kauto.se\/automation\/energi\/#primaryimage\"},\"datePublished\":\"2021-10-22T10:15:58+00:00\",\"dateModified\":\"2021-12-01T11:11:50+00:00\",\"breadcrumb\":{\"@id\":\"https:\/\/kauto.se\/automation\/energi\/#breadcrumb\"},\"inLanguage\":\"sv-SE\",\"potentialAction\":[{\"@type\":\"ReadAction\",\"target\":[\"https:\/\/kauto.se\/automation\/energi\/\"]}]},{\"@type\":\"BreadcrumbList\",\"@id\":\"https:\/\/kauto.se\/automation\/energi\/#breadcrumb\",\"itemListElement\":[{\"@type\":\"ListItem\",\"position\":1,\"name\":\"Home\",\"item\":\"https:\/\/kauto.se\/automation\/\"},{\"@type\":\"ListItem\",\"position\":2,\"name\":\"Energi\"}]}]}<\/script>\n<!-- \/ Yoast SEO plugin. -->","yoast_head_json":{"robots":{"index":"index","follow":"follow","max-snippet":"max-snippet:-1","max-image-preview":"max-image-preview:large","max-video-preview":"max-video-preview:-1"},"canonical":"https:\/\/kauto.se\/automation\/energi\/","og_locale":"sv_SE","og_type":"article","og_title":"Energi - KA Automation","og_description":"KA automation arbetar med v\u00e4rmekraftverk och panncentraler d\u00e4r fokus ligger p\u00e5 elkonstruktion, utveckling av styrsystem,...","og_url":"https:\/\/kauto.se\/automation\/energi\/","og_site_name":"KA Automation","article_modified_time":"2021-12-01T11:11:50+00:00","og_image":[{"url":"https:\/\/kauto.se\/automation\/wp-content\/uploads\/sites\/2\/2021\/11\/energi.jpg"}],"twitter_card":"summary_large_image","twitter_misc":{"Ber\u00e4knad l\u00e4stid":"1 minut"},"schema":{"@context":"https:\/\/schema.org","@graph":[{"@type":"WebSite","@id":"https:\/\/kauto.se\/automation\/#website","url":"https:\/\/kauto.se\/automation\/","name":"KA Automation","description":"","potentialAction":[{"@type":"SearchAction","target":{"@type":"EntryPoint","urlTemplate":"https:\/\/kauto.se\/automation\/?s={search_term_string}"},"query-input":"required name=search_term_string"}],"inLanguage":"sv-SE"},{"@type":"ImageObject","@id":"https:\/\/kauto.se\/automation\/energi\/#primaryimage","inLanguage":"sv-SE","url":"https:\/\/kauto.se\/automation\/wp-content\/uploads\/sites\/2\/2021\/11\/energi.jpg","contentUrl":"https:\/\/kauto.se\/automation\/wp-content\/uploads\/sites\/2\/2021\/11\/energi.jpg","width":520,"height":300},{"@type":"WebPage","@id":"https:\/\/kauto.se\/automation\/energi\/#webpage","url":"https:\/\/kauto.se\/automation\/energi\/","name":"Energi - KA Automation","isPartOf":{"@id":"https:\/\/kauto.se\/automation\/#website"},"primaryImageOfPage":{"@id":"https:\/\/kauto.se\/automation\/energi\/#primaryimage"},"datePublished":"2021-10-22T10:15:58+00:00","dateModified":"2021-12-01T11:11:50+00:00","breadcrumb":{"@id":"https:\/\/kauto.se\/automation\/energi\/#breadcrumb"},"inLanguage":"sv-SE","potentialAction":[{"@type":"ReadAction","target":["https:\/\/kauto.se\/automation\/energi\/"]}]},{"@type":"BreadcrumbList","@id":"https:\/\/kauto.se\/automation\/energi\/#breadcrumb","itemListElement":[{"@type":"ListItem","position":1,"name":"Home","item":"https:\/\/kauto.se\/automation\/"},{"@type":"ListItem","position":2,"name":"Energi"}]}]}},"_links":{"self":[{"href":"https:\/\/kauto.se\/automation\/wp-json\/wp\/v2\/pages\/71","targetHints":{"allow":["GET"]}}],"collection":[{"href":"https:\/\/kauto.se\/automation\/wp-json\/wp\/v2\/pages"}],"about":[{"href":"https:\/\/kauto.se\/automation\/wp-json\/wp\/v2\/types\/page"}],"author":[{"embeddable":true,"href":"https:\/\/kauto.se\/automation\/wp-json\/wp\/v2\/users\/1"}],"replies":[{"embeddable":true,"href":"https:\/\/kauto.se\/automation\/wp-json\/wp\/v2\/comments?post=71"}],"version-history":[{"count":5,"href":"https:\/\/kauto.se\/automation\/wp-json\/wp\/v2\/pages\/71\/revisions"}],"predecessor-version":[{"id":320,"href":"https:\/\/kauto.se\/automation\/wp-json\/wp\/v2\/pages\/71\/revisions\/320"}],"wp:attachment":[{"href":"https:\/\/kauto.se\/automation\/wp-json\/wp\/v2\/media?parent=71"}],"curies":[{"name":"wp","href":"https:\/\/api.w.org\/{rel}","templated":true}]}}