{"id":65,"date":"2021-10-22T12:14:51","date_gmt":"2021-10-22T10:14:51","guid":{"rendered":"https:\/\/kauto.se\/automation\/?page_id=65"},"modified":"2021-12-01T09:06:40","modified_gmt":"2021-12-01T08:06:40","slug":"verkstadsindustri","status":"publish","type":"page","link":"https:\/\/kauto.se\/automation\/verkstadsindustri\/","title":{"rendered":"Verkstadsindustri"},"content":{"rendered":"\n<div class=\"wp-block-image\"><figure class=\"aligncenter size-full\"><img loading=\"lazy\" decoding=\"async\" width=\"549\" height=\"340\" src=\"https:\/\/kauto.se\/automation\/wp-content\/uploads\/sites\/2\/2021\/11\/verkstadsindustri.jpg\" alt=\"\" class=\"wp-image-188\" srcset=\"https:\/\/kauto.se\/automation\/wp-content\/uploads\/sites\/2\/2021\/11\/verkstadsindustri.jpg 549w, https:\/\/kauto.se\/automation\/wp-content\/uploads\/sites\/2\/2021\/11\/verkstadsindustri-500x310.webp 500w\" sizes=\"auto, (max-width: 549px) 100vw, 549px\" \/><\/figure><\/div>\n\n\n\n<div style=\"height:50px\" aria-hidden=\"true\" class=\"wp-block-spacer\"><\/div>\n\n\n\n<p>Inom verkstadsin har vi utveckling och tillverkning inom olika omr\u00e5den, bl.a. industri inom gruv, verkstad, process och telecom. Vi tillhandh\u00e5ller utveckling av styrsystem, elsk\u00e5psmontage och provning.<\/p>\n\n\n\n<div class=\"wp-block-columns is-layout-flex wp-container-core-columns-is-layout-9d6595d7 wp-block-columns-is-layout-flex\">\n<div class=\"wp-block-column is-layout-flow wp-block-column-is-layout-flow\">\n<ul class=\"wp-block-list\"><li>Projektledning<\/li><li>Mekkonstruktion<\/li><li>Elkonstruktion<\/li><li>Tillverkning, el- och mekmontage av komplett cell<\/li><li>Installation<\/li><li>Drifts\u00e4ttning<\/li><li>FAT samt SAT verifiering<\/li><li>Programmering av PLC, Terminaler och Scada<\/li><\/ul>\n<\/div>\n\n\n\n<div class=\"wp-block-column is-layout-flow wp-block-column-is-layout-flow\">\n<ul class=\"wp-block-list\"><li>Recepthantering<\/li><li>Dokumentation och tekniska beskrivningar<\/li><li>CE-m\u00e4rkning<\/li><li>Utbildning<\/li><li>Service och underh\u00e5ll<\/li><li>Montage av apparatsk\u00e5p<\/li><li>F\u00f6rebyggande underh\u00e5ll och service p\u00e5 maskinutrustningar<\/li><\/ul>\n<\/div>\n<\/div>\n\n\n\n<p><\/p>\n","protected":false},"excerpt":{"rendered":"Inom verkstadsin har vi utveckling och tillverkning inom olika omr\u00e5den, bl.a. industri inom gruv, verkstad,&#8230;","protected":false},"author":1,"featured_media":0,"parent":0,"menu_order":0,"comment_status":"closed","ping_status":"closed","template":"page-narrow.php","meta":{"footnotes":""},"class_list":["post-65","page","type-page","status-publish","hentry"],"yoast_head":"<!-- This site is optimized with the Yoast SEO plugin v17.5 - https:\/\/yoast.com\/wordpress\/plugins\/seo\/ -->\n<meta name=\"robots\" content=\"index, follow, max-snippet:-1, max-image-preview:large, max-video-preview:-1\" \/>\n<link rel=\"canonical\" href=\"https:\/\/kauto.se\/automation\/verkstadsindustri\/\" \/>\n<meta property=\"og:locale\" content=\"sv_SE\" \/>\n<meta property=\"og:type\" content=\"article\" \/>\n<meta property=\"og:title\" content=\"Verkstadsindustri - KA Automation\" \/>\n<meta property=\"og:description\" content=\"Inom verkstadsin har vi utveckling och tillverkning inom olika omr\u00e5den, bl.a. industri inom gruv, verkstad,...\" \/>\n<meta property=\"og:url\" content=\"https:\/\/kauto.se\/automation\/verkstadsindustri\/\" \/>\n<meta property=\"og:site_name\" content=\"KA Automation\" \/>\n<meta property=\"article:modified_time\" content=\"2021-12-01T08:06:40+00:00\" \/>\n<meta property=\"og:image\" content=\"https:\/\/kauto.se\/automation\/wp-content\/uploads\/sites\/2\/2021\/11\/verkstadsindustri.jpg\" \/>\n<meta name=\"twitter:card\" content=\"summary_large_image\" \/>\n<meta name=\"twitter:label1\" content=\"Ber\u00e4knad l\u00e4stid\" \/>\n\t<meta name=\"twitter:data1\" content=\"1 minut\" \/>\n<script type=\"application\/ld+json\" class=\"yoast-schema-graph\">{\"@context\":\"https:\/\/schema.org\",\"@graph\":[{\"@type\":\"WebSite\",\"@id\":\"https:\/\/kauto.se\/automation\/#website\",\"url\":\"https:\/\/kauto.se\/automation\/\",\"name\":\"KA Automation\",\"description\":\"\",\"potentialAction\":[{\"@type\":\"SearchAction\",\"target\":{\"@type\":\"EntryPoint\",\"urlTemplate\":\"https:\/\/kauto.se\/automation\/?s={search_term_string}\"},\"query-input\":\"required name=search_term_string\"}],\"inLanguage\":\"sv-SE\"},{\"@type\":\"ImageObject\",\"@id\":\"https:\/\/kauto.se\/automation\/verkstadsindustri\/#primaryimage\",\"inLanguage\":\"sv-SE\",\"url\":\"https:\/\/kauto.se\/automation\/wp-content\/uploads\/sites\/2\/2021\/11\/verkstadsindustri.jpg\",\"contentUrl\":\"https:\/\/kauto.se\/automation\/wp-content\/uploads\/sites\/2\/2021\/11\/verkstadsindustri.jpg\",\"width\":549,\"height\":340},{\"@type\":\"WebPage\",\"@id\":\"https:\/\/kauto.se\/automation\/verkstadsindustri\/#webpage\",\"url\":\"https:\/\/kauto.se\/automation\/verkstadsindustri\/\",\"name\":\"Verkstadsindustri - KA Automation\",\"isPartOf\":{\"@id\":\"https:\/\/kauto.se\/automation\/#website\"},\"primaryImageOfPage\":{\"@id\":\"https:\/\/kauto.se\/automation\/verkstadsindustri\/#primaryimage\"},\"datePublished\":\"2021-10-22T10:14:51+00:00\",\"dateModified\":\"2021-12-01T08:06:40+00:00\",\"breadcrumb\":{\"@id\":\"https:\/\/kauto.se\/automation\/verkstadsindustri\/#breadcrumb\"},\"inLanguage\":\"sv-SE\",\"potentialAction\":[{\"@type\":\"ReadAction\",\"target\":[\"https:\/\/kauto.se\/automation\/verkstadsindustri\/\"]}]},{\"@type\":\"BreadcrumbList\",\"@id\":\"https:\/\/kauto.se\/automation\/verkstadsindustri\/#breadcrumb\",\"itemListElement\":[{\"@type\":\"ListItem\",\"position\":1,\"name\":\"Home\",\"item\":\"https:\/\/kauto.se\/automation\/\"},{\"@type\":\"ListItem\",\"position\":2,\"name\":\"Verkstadsindustri\"}]}]}<\/script>\n<!-- \/ Yoast SEO plugin. -->","yoast_head_json":{"robots":{"index":"index","follow":"follow","max-snippet":"max-snippet:-1","max-image-preview":"max-image-preview:large","max-video-preview":"max-video-preview:-1"},"canonical":"https:\/\/kauto.se\/automation\/verkstadsindustri\/","og_locale":"sv_SE","og_type":"article","og_title":"Verkstadsindustri - KA Automation","og_description":"Inom verkstadsin har vi utveckling och tillverkning inom olika omr\u00e5den, bl.a. industri inom gruv, verkstad,...","og_url":"https:\/\/kauto.se\/automation\/verkstadsindustri\/","og_site_name":"KA Automation","article_modified_time":"2021-12-01T08:06:40+00:00","og_image":[{"url":"https:\/\/kauto.se\/automation\/wp-content\/uploads\/sites\/2\/2021\/11\/verkstadsindustri.jpg"}],"twitter_card":"summary_large_image","twitter_misc":{"Ber\u00e4knad l\u00e4stid":"1 minut"},"schema":{"@context":"https:\/\/schema.org","@graph":[{"@type":"WebSite","@id":"https:\/\/kauto.se\/automation\/#website","url":"https:\/\/kauto.se\/automation\/","name":"KA Automation","description":"","potentialAction":[{"@type":"SearchAction","target":{"@type":"EntryPoint","urlTemplate":"https:\/\/kauto.se\/automation\/?s={search_term_string}"},"query-input":"required name=search_term_string"}],"inLanguage":"sv-SE"},{"@type":"ImageObject","@id":"https:\/\/kauto.se\/automation\/verkstadsindustri\/#primaryimage","inLanguage":"sv-SE","url":"https:\/\/kauto.se\/automation\/wp-content\/uploads\/sites\/2\/2021\/11\/verkstadsindustri.jpg","contentUrl":"https:\/\/kauto.se\/automation\/wp-content\/uploads\/sites\/2\/2021\/11\/verkstadsindustri.jpg","width":549,"height":340},{"@type":"WebPage","@id":"https:\/\/kauto.se\/automation\/verkstadsindustri\/#webpage","url":"https:\/\/kauto.se\/automation\/verkstadsindustri\/","name":"Verkstadsindustri - KA Automation","isPartOf":{"@id":"https:\/\/kauto.se\/automation\/#website"},"primaryImageOfPage":{"@id":"https:\/\/kauto.se\/automation\/verkstadsindustri\/#primaryimage"},"datePublished":"2021-10-22T10:14:51+00:00","dateModified":"2021-12-01T08:06:40+00:00","breadcrumb":{"@id":"https:\/\/kauto.se\/automation\/verkstadsindustri\/#breadcrumb"},"inLanguage":"sv-SE","potentialAction":[{"@type":"ReadAction","target":["https:\/\/kauto.se\/automation\/verkstadsindustri\/"]}]},{"@type":"BreadcrumbList","@id":"https:\/\/kauto.se\/automation\/verkstadsindustri\/#breadcrumb","itemListElement":[{"@type":"ListItem","position":1,"name":"Home","item":"https:\/\/kauto.se\/automation\/"},{"@type":"ListItem","position":2,"name":"Verkstadsindustri"}]}]}},"_links":{"self":[{"href":"https:\/\/kauto.se\/automation\/wp-json\/wp\/v2\/pages\/65","targetHints":{"allow":["GET"]}}],"collection":[{"href":"https:\/\/kauto.se\/automation\/wp-json\/wp\/v2\/pages"}],"about":[{"href":"https:\/\/kauto.se\/automation\/wp-json\/wp\/v2\/types\/page"}],"author":[{"embeddable":true,"href":"https:\/\/kauto.se\/automation\/wp-json\/wp\/v2\/users\/1"}],"replies":[{"embeddable":true,"href":"https:\/\/kauto.se\/automation\/wp-json\/wp\/v2\/comments?post=65"}],"version-history":[{"count":20,"href":"https:\/\/kauto.se\/automation\/wp-json\/wp\/v2\/pages\/65\/revisions"}],"predecessor-version":[{"id":308,"href":"https:\/\/kauto.se\/automation\/wp-json\/wp\/v2\/pages\/65\/revisions\/308"}],"wp:attachment":[{"href":"https:\/\/kauto.se\/automation\/wp-json\/wp\/v2\/media?parent=65"}],"curies":[{"name":"wp","href":"https:\/\/api.w.org\/{rel}","templated":true}]}}