{"id":5,"date":"2024-03-27T06:53:32","date_gmt":"2024-03-27T05:53:32","guid":{"rendered":"https:\/\/kauto.se\/automation\/?page_id=5"},"modified":"2025-12-16T11:41:33","modified_gmt":"2025-12-16T10:41:33","slug":"ka-automation-2","status":"publish","type":"page","link":"https:\/\/kauto.se\/automation\/","title":{"rendered":"KA automation"},"content":{"rendered":"\n<div class=\"wp-block-group alignfull particles has-white-color has-red-background-color has-text-color has-background has-link-color wp-elements-3f097902f9175a278c8a6d637f22594b\"><div class=\"wp-block-group__inner-container is-layout-flow wp-block-group-is-layout-flow\">\n<div class=\"wp-block-group alignwide\"><div class=\"wp-block-group__inner-container is-layout-flow wp-block-group-is-layout-flow\">\n<h1 class=\"wp-block-heading has-text-align-center\">N\u00e4r samverkan mellan m\u00e4nniska och maskin \u00e4r som b\u00e4st<\/h1>\n\n\n\n<p class=\"has-text-align-center\">Vi levererar den kompletta systeml\u00f6sningen och \u00e4r er industripartner.<\/p>\n\n\n\n<div style=\"height:20px\" aria-hidden=\"true\" class=\"wp-block-spacer\"><\/div>\n\n\n\n<div class=\"wp-block-buttons mb-2 is-horizontal is-content-justification-center is-layout-flex wp-container-core-buttons-is-layout-499968f5 wp-block-buttons-is-layout-flex\">\n<div class=\"wp-block-button is-style-fill\"><a class=\"wp-block-button__link has-black-color has-white-background-color has-text-color has-background has-link-color wp-element-button\" href=\"https:\/\/kauto.se\/automation\/verksamhetsomraden\/\">Verksamhetsomr\u00e5den<\/a><\/div>\n\n\n\n<div class=\"wp-block-button is-style-fill\"><a class=\"wp-block-button__link has-black-color has-white-background-color has-text-color has-background has-link-color wp-element-button\" href=\"https:\/\/kauto.se\/automation\/category\/news\/\">Senaste nyheter<\/a><\/div>\n<\/div>\n\n\n\n<div style=\"height:20px\" aria-hidden=\"true\" class=\"wp-block-spacer\"><\/div>\n\n\n\n<p class=\"has-text-align-center has-white-color has-text-color has-link-color has-kwb-large-font-size wp-elements-5c239ea8fc80102f0da1c4e54ae10e17\"><strong><a href=\"https:\/\/kauto.se\/automation\/kontakt\/\">Kontakt<\/a><\/strong><\/p>\n\n\n\n<p><\/p>\n\n\n\n<p><\/p>\n<\/div><\/div>\n<\/div><\/div>\n\n\n\n<div class=\"wp-block-group alignfull has-lightgrey-background-color has-background\"><div class=\"wp-block-group__inner-container is-layout-flow wp-block-group-is-layout-flow\">\n<div class=\"wp-block-columns alignwide are-vertically-aligned-center border-center is-layout-flex wp-container-core-columns-is-layout-9d6595d7 wp-block-columns-is-layout-flex\">\n<div class=\"wp-block-column is-vertically-aligned-center is-layout-flow wp-block-column-is-layout-flow\">\n<div class=\"wp-block-media-text alignwide has-media-on-the-right\" style=\"grid-template-columns:auto 20%\"><div class=\"wp-block-media-text__content\">\n<p class=\"has-text-align-right mb-0 has-kwb-xlarge-font-size\">V\u00e4lkommen till<\/p>\n<\/div><figure class=\"wp-block-media-text__media\"><img decoding=\"async\" src=\"https:\/\/kauto.se\/automation\/wp-content\/uploads\/sites\/2\/2025\/12\/ka.svg\" alt=\"\" class=\"wp-image-520 size-full\"\/><\/figure><\/div>\n<\/div>\n\n\n\n<div class=\"wp-block-column is-vertically-aligned-center is-layout-flow wp-block-column-is-layout-flow\">\n<p class=\"mb-0\">Vi utf\u00f6r allt fr\u00e5n konsultation till f\u00e4rdig produkt med verksamhetsomr\u00e5den inom bland annat l\u00e4kemedelsindustri, verkstadsindustri, energi och v\u00e4rmekraftverk, f\u00f6rsvarsindustri, vattenrening, vattenproduktion samt den offentliga sektorn.<\/p>\n<\/div>\n<\/div>\n<\/div><\/div>\n\n\n\n<div style=\"height:100px\" aria-hidden=\"true\" class=\"wp-block-spacer\"><\/div>\n\n\n\n<div class=\"wp-block-columns alignwide is-layout-flex wp-container-core-columns-is-layout-9d6595d7 wp-block-columns-is-layout-flex\">\n<div class=\"wp-block-column is-layout-flow wp-block-column-is-layout-flow\" style=\"flex-basis:30%\">\n<h2 class=\"wp-block-heading\">V\u00e5ra tj\u00e4nster<\/h2>\n\n\n\n<p>KA automation konstruerar inte bara nya anl\u00e4ggningar. Vi utf\u00f6r \u00e4ven ombyggnationer, modifieringar och effektiviseringar av befintliga anl\u00e4ggningar och utf\u00f6r support samt underh\u00e5ll av dessa. H\u00e4r \u00e4r en summering p\u00e5 alla tj\u00e4nster vi erbjuder.<\/p>\n<\/div>\n\n\n\n<div class=\"wp-block-column is-layout-flow wp-block-column-is-layout-flow\" style=\"flex-basis:70%\"><div id=\"servicesCarousel\" class=\"carousel slide carousel-multiple\" >\r\n            <div class=\"carousel-inner\" role=\"listbox\"><div class=\"carousel-item active\">\r\n        <div class=\"col-md-6 px-2\">\r\n          <div class=\"border p-5\">\r\n            <div class=\"icon mb-3\"><i class=\"text-red fas fa-bolt font-size-xl\"><\/i><\/div>\r\n            <h4>Service<\/h4>\r\n            <p>KA automation utf\u00f6r ber\u00e4kningar och konstruktioner inom el-automation och mekanik.<\/p>\r\n            <a href=\"https:\/\/kauto.se\/automation\/services\/service\/\" class=\"link-arrow\">L\u00e4s mer<i class=\"fas fa-chevron-right\"><\/i><i class=\"fas fa-chevron-right\"><\/i><\/a>\r\n          <\/div>\r\n        <\/div>\r\n    <\/div><div class=\"carousel-item \">\r\n        <div class=\"col-md-6 px-2\">\r\n          <div class=\"border p-5\">\r\n            <div class=\"icon mb-3\"><i class=\"text-red fas fa-laptop-code font-size-xl\"><\/i><\/div>\r\n            <h4>Programmering<\/h4>\r\n            <p>KA automation tar fram de optimala applikationerna utifr\u00e5n era specifika behov.<\/p>\r\n            <a href=\"https:\/\/kauto.se\/automation\/services\/programmering\/\" class=\"link-arrow\">L\u00e4s mer<i class=\"fas fa-chevron-right\"><\/i><i class=\"fas fa-chevron-right\"><\/i><\/a>\r\n          <\/div>\r\n        <\/div>\r\n    <\/div><div class=\"carousel-item \">\r\n        <div class=\"col-md-6 px-2\">\r\n          <div class=\"border p-5\">\r\n            <div class=\"icon mb-3\"><i class=\"text-red fas fa-puzzle-piece font-size-xl\"><\/i><\/div>\r\n            <h4>Konstruktion<\/h4>\r\n            <p>KA automation utf\u00f6r ber\u00e4kningar och konstruktioner inom el-automation och mekanik.<\/p>\r\n            <a href=\"https:\/\/kauto.se\/automation\/services\/konstruktion\/\" class=\"link-arrow\">L\u00e4s mer<i class=\"fas fa-chevron-right\"><\/i><i class=\"fas fa-chevron-right\"><\/i><\/a>\r\n          <\/div>\r\n        <\/div>\r\n    <\/div><div class=\"carousel-item \">\r\n        <div class=\"col-md-6 px-2\">\r\n          <div class=\"border p-5\">\r\n            <div class=\"icon mb-3\"><i class=\"text-red fas fa-undo-alt font-size-xl\"><\/i><\/div>\r\n            <h4>Installation<\/h4>\r\n            <p>Vi utf\u00f6r traditionella elinstallationer ute hos er. Det kan till exempel vara maskin-\/process -installation eller kraft- och belysnings installationer.<\/p>\r\n            <a href=\"https:\/\/kauto.se\/automation\/services\/installation\/\" class=\"link-arrow\">L\u00e4s mer<i class=\"fas fa-chevron-right\"><\/i><i class=\"fas fa-chevron-right\"><\/i><\/a>\r\n          <\/div>\r\n        <\/div>\r\n    <\/div>\r\n            <\/div>\r\n            <a class=\"carousel-control-prev bg-transparent w-aut\" href=\"#servicesCarousel\" role=\"button\" data-bs-slide=\"prev\">\r\n                <i class=\"fas fa-chevron-left\"><\/i>\r\n            <\/a>\r\n            <a class=\"carousel-control-next bg-transparent w-aut\" href=\"#servicesCarousel\" role=\"button\" data-bs-slide=\"next\">\r\n                <i class=\"fas fa-chevron-right\"><\/i>\r\n            <\/a>\r\n        <\/div>\n<\/div>\n<\/div>\n\n\n\n<hr class=\"wp-block-separator has-text-color has-lightgrey-color has-css-opacity has-lightgrey-background-color has-background is-style-wide\"\/>\n\n\n\n<div style=\"height:50px\" aria-hidden=\"true\" class=\"wp-block-spacer\"><\/div>\n\n\n\n<div class=\"wp-block-group\"><div class=\"wp-block-group__inner-container is-layout-flow wp-block-group-is-layout-flow\"><div class=\"news-sc mb-4 row justify-content-center\"><\/div>\n<\/div><\/div>\n\n\n\n<p><\/p>\n","protected":false},"excerpt":{"rendered":"N\u00e4r samverkan mellan m\u00e4nniska och maskin \u00e4r som b\u00e4st Vi levererar den kompletta systeml\u00f6sningen och&#8230;","protected":false},"author":1,"featured_media":0,"parent":0,"menu_order":0,"comment_status":"closed","ping_status":"closed","template":"","meta":{"footnotes":""},"class_list":["post-5","page","type-page","status-publish","hentry"],"yoast_head":"<!-- This site is optimized with the Yoast SEO plugin v17.5 - https:\/\/yoast.com\/wordpress\/plugins\/seo\/ -->\n<meta name=\"robots\" content=\"index, follow, max-snippet:-1, max-image-preview:large, max-video-preview:-1\" \/>\n<link rel=\"canonical\" href=\"https:\/\/kauto.se\/automation\/\" \/>\n<meta property=\"og:locale\" content=\"sv_SE\" \/>\n<meta property=\"og:type\" content=\"article\" \/>\n<meta property=\"og:title\" content=\"KA automation - KA Automation\" \/>\n<meta property=\"og:description\" content=\"N\u00e4r samverkan mellan m\u00e4nniska och maskin \u00e4r som b\u00e4st Vi levererar den kompletta systeml\u00f6sningen och...\" \/>\n<meta property=\"og:url\" content=\"https:\/\/kauto.se\/automation\/\" \/>\n<meta property=\"og:site_name\" content=\"KA Automation\" \/>\n<meta property=\"article:modified_time\" content=\"2025-12-16T10:41:33+00:00\" \/>\n<meta property=\"og:image\" content=\"https:\/\/kauto.se\/automation\/wp-content\/uploads\/sites\/2\/2025\/12\/ka.svg\" \/>\n<meta name=\"twitter:card\" content=\"summary_large_image\" \/>\n<meta name=\"twitter:label1\" content=\"Ber\u00e4knad l\u00e4stid\" \/>\n\t<meta name=\"twitter:data1\" content=\"1 minut\" \/>\n<script type=\"application\/ld+json\" class=\"yoast-schema-graph\">{\"@context\":\"https:\/\/schema.org\",\"@graph\":[{\"@type\":\"WebSite\",\"@id\":\"https:\/\/kauto.se\/automation\/#website\",\"url\":\"https:\/\/kauto.se\/automation\/\",\"name\":\"KA Automation\",\"description\":\"\",\"potentialAction\":[{\"@type\":\"SearchAction\",\"target\":{\"@type\":\"EntryPoint\",\"urlTemplate\":\"https:\/\/kauto.se\/automation\/?s={search_term_string}\"},\"query-input\":\"required name=search_term_string\"}],\"inLanguage\":\"sv-SE\"},{\"@type\":\"ImageObject\",\"@id\":\"https:\/\/kauto.se\/automation\/#primaryimage\",\"inLanguage\":\"sv-SE\",\"url\":\"https:\/\/kauto.se\/automation\/wp-content\/uploads\/sites\/2\/2025\/12\/ka.svg\",\"contentUrl\":\"https:\/\/kauto.se\/automation\/wp-content\/uploads\/sites\/2\/2025\/12\/ka.svg\"},{\"@type\":\"WebPage\",\"@id\":\"https:\/\/kauto.se\/automation\/#webpage\",\"url\":\"https:\/\/kauto.se\/automation\/\",\"name\":\"KA automation - KA Automation\",\"isPartOf\":{\"@id\":\"https:\/\/kauto.se\/automation\/#website\"},\"primaryImageOfPage\":{\"@id\":\"https:\/\/kauto.se\/automation\/#primaryimage\"},\"datePublished\":\"2024-03-27T05:53:32+00:00\",\"dateModified\":\"2025-12-16T10:41:33+00:00\",\"breadcrumb\":{\"@id\":\"https:\/\/kauto.se\/automation\/#breadcrumb\"},\"inLanguage\":\"sv-SE\",\"potentialAction\":[{\"@type\":\"ReadAction\",\"target\":[\"https:\/\/kauto.se\/automation\/\"]}]},{\"@type\":\"BreadcrumbList\",\"@id\":\"https:\/\/kauto.se\/automation\/#breadcrumb\",\"itemListElement\":[{\"@type\":\"ListItem\",\"position\":1,\"name\":\"Home\",\"item\":\"https:\/\/kauto.se\/automation\/\"},{\"@type\":\"ListItem\",\"position\":2,\"name\":\"KA automation\"}]}]}<\/script>\n<!-- \/ Yoast SEO plugin. -->","yoast_head_json":{"robots":{"index":"index","follow":"follow","max-snippet":"max-snippet:-1","max-image-preview":"max-image-preview:large","max-video-preview":"max-video-preview:-1"},"canonical":"https:\/\/kauto.se\/automation\/","og_locale":"sv_SE","og_type":"article","og_title":"KA automation - KA Automation","og_description":"N\u00e4r samverkan mellan m\u00e4nniska och maskin \u00e4r som b\u00e4st Vi levererar den kompletta systeml\u00f6sningen och...","og_url":"https:\/\/kauto.se\/automation\/","og_site_name":"KA Automation","article_modified_time":"2025-12-16T10:41:33+00:00","og_image":[{"url":"https:\/\/kauto.se\/automation\/wp-content\/uploads\/sites\/2\/2025\/12\/ka.svg"}],"twitter_card":"summary_large_image","twitter_misc":{"Ber\u00e4knad l\u00e4stid":"1 minut"},"schema":{"@context":"https:\/\/schema.org","@graph":[{"@type":"WebSite","@id":"https:\/\/kauto.se\/automation\/#website","url":"https:\/\/kauto.se\/automation\/","name":"KA Automation","description":"","potentialAction":[{"@type":"SearchAction","target":{"@type":"EntryPoint","urlTemplate":"https:\/\/kauto.se\/automation\/?s={search_term_string}"},"query-input":"required name=search_term_string"}],"inLanguage":"sv-SE"},{"@type":"ImageObject","@id":"https:\/\/kauto.se\/automation\/#primaryimage","inLanguage":"sv-SE","url":"https:\/\/kauto.se\/automation\/wp-content\/uploads\/sites\/2\/2025\/12\/ka.svg","contentUrl":"https:\/\/kauto.se\/automation\/wp-content\/uploads\/sites\/2\/2025\/12\/ka.svg"},{"@type":"WebPage","@id":"https:\/\/kauto.se\/automation\/#webpage","url":"https:\/\/kauto.se\/automation\/","name":"KA automation - KA Automation","isPartOf":{"@id":"https:\/\/kauto.se\/automation\/#website"},"primaryImageOfPage":{"@id":"https:\/\/kauto.se\/automation\/#primaryimage"},"datePublished":"2024-03-27T05:53:32+00:00","dateModified":"2025-12-16T10:41:33+00:00","breadcrumb":{"@id":"https:\/\/kauto.se\/automation\/#breadcrumb"},"inLanguage":"sv-SE","potentialAction":[{"@type":"ReadAction","target":["https:\/\/kauto.se\/automation\/"]}]},{"@type":"BreadcrumbList","@id":"https:\/\/kauto.se\/automation\/#breadcrumb","itemListElement":[{"@type":"ListItem","position":1,"name":"Home","item":"https:\/\/kauto.se\/automation\/"},{"@type":"ListItem","position":2,"name":"KA automation"}]}]}},"_links":{"self":[{"href":"https:\/\/kauto.se\/automation\/wp-json\/wp\/v2\/pages\/5","targetHints":{"allow":["GET"]}}],"collection":[{"href":"https:\/\/kauto.se\/automation\/wp-json\/wp\/v2\/pages"}],"about":[{"href":"https:\/\/kauto.se\/automation\/wp-json\/wp\/v2\/types\/page"}],"author":[{"embeddable":true,"href":"https:\/\/kauto.se\/automation\/wp-json\/wp\/v2\/users\/1"}],"replies":[{"embeddable":true,"href":"https:\/\/kauto.se\/automation\/wp-json\/wp\/v2\/comments?post=5"}],"version-history":[{"count":70,"href":"https:\/\/kauto.se\/automation\/wp-json\/wp\/v2\/pages\/5\/revisions"}],"predecessor-version":[{"id":521,"href":"https:\/\/kauto.se\/automation\/wp-json\/wp\/v2\/pages\/5\/revisions\/521"}],"wp:attachment":[{"href":"https:\/\/kauto.se\/automation\/wp-json\/wp\/v2\/media?parent=5"}],"curies":[{"name":"wp","href":"https:\/\/api.w.org\/{rel}","templated":true}]}}