{"id":122,"date":"2021-10-24T21:10:02","date_gmt":"2021-10-24T19:10:02","guid":{"rendered":"https:\/\/kauto.se\/automation\/?page_id=122"},"modified":"2021-12-01T12:14:57","modified_gmt":"2021-12-01T11:14:57","slug":"verksamhetsomraden","status":"publish","type":"page","link":"https:\/\/kauto.se\/automation\/verksamhetsomraden\/","title":{"rendered":"Verksamhetsomr\u00e5den"},"content":{"rendered":"\n<div class=\"wp-block-columns is-layout-flex wp-container-core-columns-is-layout-9d6595d7 wp-block-columns-is-layout-flex\">\n<div class=\"wp-block-column is-layout-flow wp-block-column-is-layout-flow\">\n<figure class=\"wp-block-image size-full\"><img loading=\"lazy\" decoding=\"async\" width=\"520\" height=\"300\" src=\"https:\/\/kauto.se\/automation\/wp-content\/uploads\/sites\/2\/2021\/10\/verkstadsindustri.jpg\" alt=\"\" class=\"wp-image-125\" srcset=\"https:\/\/kauto.se\/automation\/wp-content\/uploads\/sites\/2\/2021\/10\/verkstadsindustri.jpg 520w, https:\/\/kauto.se\/automation\/wp-content\/uploads\/sites\/2\/2021\/10\/verkstadsindustri-500x288.webp 500w\" sizes=\"auto, (max-width: 520px) 100vw, 520px\" \/><\/figure>\n\n\n\n<h3 class=\"wp-block-heading\">Verkstadsindustri<\/h3>\n\n\n\n<p>Inom verkstadsindustri har vi utveckling och tillverkning inom olika omr\u00e5den, bl.a. industri inom gruv, verkstad, process och telecom. Vi tillhandh\u00e5ller utveckling av styrsystem, elsk\u00e5psmontage och provning inom olika hissystem.<\/p>\n\n\n\n<p class=\"has-red-color has-text-color\"><strong><a href=\"https:\/\/kauto.se\/automation\/verkstadsindustri\/\" data-type=\"page\" data-id=\"65\">L\u00e4s mer<\/a><\/strong><\/p>\n<\/div>\n\n\n\n<div class=\"wp-block-column is-layout-flow wp-block-column-is-layout-flow\">\n<figure class=\"wp-block-image size-full\"><img loading=\"lazy\" decoding=\"async\" width=\"520\" height=\"300\" src=\"https:\/\/kauto.se\/automation\/wp-content\/uploads\/sites\/2\/2021\/10\/forsvar.jpg\" alt=\"\" class=\"wp-image-124\" srcset=\"https:\/\/kauto.se\/automation\/wp-content\/uploads\/sites\/2\/2021\/10\/forsvar.jpg 520w, https:\/\/kauto.se\/automation\/wp-content\/uploads\/sites\/2\/2021\/10\/forsvar-500x288.webp 500w\" sizes=\"auto, (max-width: 520px) 100vw, 520px\" \/><\/figure>\n\n\n\n<h3 class=\"wp-block-heading\">F\u00f6rsvar<\/h3>\n\n\n\n<p>KA automation utvecklar och tillverkar styr- samt automations-utrustning inom el och pneumatik. V\u00e5rt erbjudande innefattar montage och installation av delsystem, kompletta utrustningar samt drifts\u00e4ttning.<\/p>\n\n\n\n<p class=\"has-red-color has-text-color\"><strong><a href=\"https:\/\/kauto.se\/automation\/forsvar\/\" data-type=\"page\" data-id=\"67\">L\u00e4s mer<\/a><\/strong><\/p>\n<\/div>\n<\/div>\n\n\n\n<div class=\"wp-block-columns is-layout-flex wp-container-core-columns-is-layout-9d6595d7 wp-block-columns-is-layout-flex\">\n<div class=\"wp-block-column is-layout-flow wp-block-column-is-layout-flow\">\n<figure class=\"wp-block-image size-full\"><img loading=\"lazy\" decoding=\"async\" width=\"520\" height=\"300\" src=\"https:\/\/kauto.se\/automation\/wp-content\/uploads\/sites\/2\/2021\/10\/lakemedel.jpg\" alt=\"\" class=\"wp-image-123\" srcset=\"https:\/\/kauto.se\/automation\/wp-content\/uploads\/sites\/2\/2021\/10\/lakemedel.jpg 520w, https:\/\/kauto.se\/automation\/wp-content\/uploads\/sites\/2\/2021\/10\/lakemedel-500x288.webp 500w\" sizes=\"auto, (max-width: 520px) 100vw, 520px\" \/><\/figure>\n\n\n\n<h3 class=\"wp-block-heading\">L\u00e4kemedel<\/h3>\n\n\n\n<p>Vi utvecklar och tillverkar automationsutrustningar f\u00f6r olika applikationer inom medicin som fyllning, v\u00e4gning, dosering, m\u00e4rkning buffertering, paketering mm.<\/p>\n\n\n\n<p class=\"has-red-color has-text-color\"><strong><a href=\"https:\/\/kauto.se\/automation\/lakemedel\/\" data-type=\"page\" data-id=\"69\">L\u00e4s mer<\/a><\/strong><\/p>\n<\/div>\n\n\n\n<div class=\"wp-block-column is-layout-flow wp-block-column-is-layout-flow\">\n<figure class=\"wp-block-image size-full\"><img loading=\"lazy\" decoding=\"async\" width=\"520\" height=\"300\" src=\"https:\/\/kauto.se\/automation\/wp-content\/uploads\/sites\/2\/2021\/10\/energi.jpg\" alt=\"\" class=\"wp-image-126\" srcset=\"https:\/\/kauto.se\/automation\/wp-content\/uploads\/sites\/2\/2021\/10\/energi.jpg 520w, https:\/\/kauto.se\/automation\/wp-content\/uploads\/sites\/2\/2021\/10\/energi-500x288.webp 500w\" sizes=\"auto, (max-width: 520px) 100vw, 520px\" \/><\/figure>\n\n\n\n<h3 class=\"wp-block-heading\">Energi<\/h3>\n\n\n\n<p>KA automation arbetar med v\u00e4rmekraftverk och panncentraler. V\u00e5rt fokus \u00e4r framf\u00f6rallt inom elkonstruktion, utveckling av styrsystem, programmering samt drifts\u00e4ttning.<\/p>\n\n\n\n<p class=\"has-red-color has-text-color\"><strong><a href=\"https:\/\/kauto.se\/automation\/energi\/\" data-type=\"page\" data-id=\"71\">L\u00e4s mer<\/a><\/strong><\/p>\n<\/div>\n<\/div>\n","protected":false},"excerpt":{"rendered":"Verkstadsindustri Inom verkstadsindustri har vi utveckling och tillverkning inom olika omr\u00e5den, bl.a. industri inom gruv,&#8230;","protected":false},"author":1,"featured_media":0,"parent":0,"menu_order":0,"comment_status":"closed","ping_status":"closed","template":"","meta":{"footnotes":""},"class_list":["post-122","page","type-page","status-publish","hentry"],"yoast_head":"<!-- This site is optimized with the Yoast SEO plugin v17.5 - https:\/\/yoast.com\/wordpress\/plugins\/seo\/ -->\n<meta name=\"robots\" content=\"index, follow, max-snippet:-1, max-image-preview:large, max-video-preview:-1\" \/>\n<link rel=\"canonical\" href=\"https:\/\/kauto.se\/automation\/verksamhetsomraden\/\" \/>\n<meta property=\"og:locale\" content=\"sv_SE\" \/>\n<meta property=\"og:type\" content=\"article\" \/>\n<meta property=\"og:title\" content=\"Verksamhetsomr\u00e5den - KA Automation\" \/>\n<meta property=\"og:description\" content=\"Verkstadsindustri Inom verkstadsindustri har vi utveckling och tillverkning inom olika omr\u00e5den, bl.a. industri inom gruv,...\" \/>\n<meta property=\"og:url\" content=\"https:\/\/kauto.se\/automation\/verksamhetsomraden\/\" \/>\n<meta property=\"og:site_name\" content=\"KA Automation\" \/>\n<meta property=\"article:modified_time\" content=\"2021-12-01T11:14:57+00:00\" \/>\n<meta property=\"og:image\" content=\"https:\/\/kauto.se\/automation\/wp-content\/uploads\/sites\/2\/2021\/10\/verkstadsindustri.jpg\" \/>\n<meta name=\"twitter:card\" content=\"summary_large_image\" \/>\n<meta name=\"twitter:label1\" content=\"Ber\u00e4knad l\u00e4stid\" \/>\n\t<meta name=\"twitter:data1\" content=\"2 minuter\" \/>\n<script type=\"application\/ld+json\" class=\"yoast-schema-graph\">{\"@context\":\"https:\/\/schema.org\",\"@graph\":[{\"@type\":\"WebSite\",\"@id\":\"https:\/\/kauto.se\/automation\/#website\",\"url\":\"https:\/\/kauto.se\/automation\/\",\"name\":\"KA Automation\",\"description\":\"\",\"potentialAction\":[{\"@type\":\"SearchAction\",\"target\":{\"@type\":\"EntryPoint\",\"urlTemplate\":\"https:\/\/kauto.se\/automation\/?s={search_term_string}\"},\"query-input\":\"required name=search_term_string\"}],\"inLanguage\":\"sv-SE\"},{\"@type\":\"ImageObject\",\"@id\":\"https:\/\/kauto.se\/automation\/verksamhetsomraden\/#primaryimage\",\"inLanguage\":\"sv-SE\",\"url\":\"https:\/\/kauto.se\/automation\/wp-content\/uploads\/sites\/2\/2021\/10\/verkstadsindustri.jpg\",\"contentUrl\":\"https:\/\/kauto.se\/automation\/wp-content\/uploads\/sites\/2\/2021\/10\/verkstadsindustri.jpg\",\"width\":520,\"height\":300},{\"@type\":\"WebPage\",\"@id\":\"https:\/\/kauto.se\/automation\/verksamhetsomraden\/#webpage\",\"url\":\"https:\/\/kauto.se\/automation\/verksamhetsomraden\/\",\"name\":\"Verksamhetsomr\\u00e5den - KA Automation\",\"isPartOf\":{\"@id\":\"https:\/\/kauto.se\/automation\/#website\"},\"primaryImageOfPage\":{\"@id\":\"https:\/\/kauto.se\/automation\/verksamhetsomraden\/#primaryimage\"},\"datePublished\":\"2021-10-24T19:10:02+00:00\",\"dateModified\":\"2021-12-01T11:14:57+00:00\",\"breadcrumb\":{\"@id\":\"https:\/\/kauto.se\/automation\/verksamhetsomraden\/#breadcrumb\"},\"inLanguage\":\"sv-SE\",\"potentialAction\":[{\"@type\":\"ReadAction\",\"target\":[\"https:\/\/kauto.se\/automation\/verksamhetsomraden\/\"]}]},{\"@type\":\"BreadcrumbList\",\"@id\":\"https:\/\/kauto.se\/automation\/verksamhetsomraden\/#breadcrumb\",\"itemListElement\":[{\"@type\":\"ListItem\",\"position\":1,\"name\":\"Home\",\"item\":\"https:\/\/kauto.se\/automation\/\"},{\"@type\":\"ListItem\",\"position\":2,\"name\":\"Verksamhetsomr\\u00e5den\"}]}]}<\/script>\n<!-- \/ Yoast SEO plugin. -->","yoast_head_json":{"robots":{"index":"index","follow":"follow","max-snippet":"max-snippet:-1","max-image-preview":"max-image-preview:large","max-video-preview":"max-video-preview:-1"},"canonical":"https:\/\/kauto.se\/automation\/verksamhetsomraden\/","og_locale":"sv_SE","og_type":"article","og_title":"Verksamhetsomr\u00e5den - KA Automation","og_description":"Verkstadsindustri Inom verkstadsindustri har vi utveckling och tillverkning inom olika omr\u00e5den, bl.a. industri inom gruv,...","og_url":"https:\/\/kauto.se\/automation\/verksamhetsomraden\/","og_site_name":"KA Automation","article_modified_time":"2021-12-01T11:14:57+00:00","og_image":[{"url":"https:\/\/kauto.se\/automation\/wp-content\/uploads\/sites\/2\/2021\/10\/verkstadsindustri.jpg"}],"twitter_card":"summary_large_image","twitter_misc":{"Ber\u00e4knad l\u00e4stid":"2 minuter"},"schema":{"@context":"https:\/\/schema.org","@graph":[{"@type":"WebSite","@id":"https:\/\/kauto.se\/automation\/#website","url":"https:\/\/kauto.se\/automation\/","name":"KA Automation","description":"","potentialAction":[{"@type":"SearchAction","target":{"@type":"EntryPoint","urlTemplate":"https:\/\/kauto.se\/automation\/?s={search_term_string}"},"query-input":"required name=search_term_string"}],"inLanguage":"sv-SE"},{"@type":"ImageObject","@id":"https:\/\/kauto.se\/automation\/verksamhetsomraden\/#primaryimage","inLanguage":"sv-SE","url":"https:\/\/kauto.se\/automation\/wp-content\/uploads\/sites\/2\/2021\/10\/verkstadsindustri.jpg","contentUrl":"https:\/\/kauto.se\/automation\/wp-content\/uploads\/sites\/2\/2021\/10\/verkstadsindustri.jpg","width":520,"height":300},{"@type":"WebPage","@id":"https:\/\/kauto.se\/automation\/verksamhetsomraden\/#webpage","url":"https:\/\/kauto.se\/automation\/verksamhetsomraden\/","name":"Verksamhetsomr\u00e5den - KA Automation","isPartOf":{"@id":"https:\/\/kauto.se\/automation\/#website"},"primaryImageOfPage":{"@id":"https:\/\/kauto.se\/automation\/verksamhetsomraden\/#primaryimage"},"datePublished":"2021-10-24T19:10:02+00:00","dateModified":"2021-12-01T11:14:57+00:00","breadcrumb":{"@id":"https:\/\/kauto.se\/automation\/verksamhetsomraden\/#breadcrumb"},"inLanguage":"sv-SE","potentialAction":[{"@type":"ReadAction","target":["https:\/\/kauto.se\/automation\/verksamhetsomraden\/"]}]},{"@type":"BreadcrumbList","@id":"https:\/\/kauto.se\/automation\/verksamhetsomraden\/#breadcrumb","itemListElement":[{"@type":"ListItem","position":1,"name":"Home","item":"https:\/\/kauto.se\/automation\/"},{"@type":"ListItem","position":2,"name":"Verksamhetsomr\u00e5den"}]}]}},"_links":{"self":[{"href":"https:\/\/kauto.se\/automation\/wp-json\/wp\/v2\/pages\/122","targetHints":{"allow":["GET"]}}],"collection":[{"href":"https:\/\/kauto.se\/automation\/wp-json\/wp\/v2\/pages"}],"about":[{"href":"https:\/\/kauto.se\/automation\/wp-json\/wp\/v2\/types\/page"}],"author":[{"embeddable":true,"href":"https:\/\/kauto.se\/automation\/wp-json\/wp\/v2\/users\/1"}],"replies":[{"embeddable":true,"href":"https:\/\/kauto.se\/automation\/wp-json\/wp\/v2\/comments?post=122"}],"version-history":[{"count":4,"href":"https:\/\/kauto.se\/automation\/wp-json\/wp\/v2\/pages\/122\/revisions"}],"predecessor-version":[{"id":325,"href":"https:\/\/kauto.se\/automation\/wp-json\/wp\/v2\/pages\/122\/revisions\/325"}],"wp:attachment":[{"href":"https:\/\/kauto.se\/automation\/wp-json\/wp\/v2\/media?parent=122"}],"curies":[{"name":"wp","href":"https:\/\/api.w.org\/{rel}","templated":true}]}}